{"id":468,"date":"2022-10-04T22:06:12","date_gmt":"2022-10-04T20:06:12","guid":{"rendered":"https:\/\/urologie-paris-cochin.com\/?page_id=468"},"modified":"2026-01-08T20:58:30","modified_gmt":"2026-01-08T19:58:30","slug":"worlds-best-hospital-2025","status":"publish","type":"page","link":"https:\/\/urologie-paris-cochin.com\/en\/worlds-best-hospital-2025\/","title":{"rendered":"Classement des meilleurs h\u00f4pitaux 2025"},"content":{"rendered":"<p>Did you know?<\/p>\n<p><a href=\"https:\/\/rankings.newsweek.com\/worlds-best-specialized-hospitals-2025\/urology\" target=\"_blank\" rel=\"noopener\">Au classement mondial des meilleurs h\u00f4pitaux 2025,<\/a> <strong>our department is 35th and 2nd in France!<\/strong><\/p>\n<p>Find out more:<\/p>\n<ul>\n<li><a href=\"https:\/\/urologie-paris-cochin.com\/en\/le-service\/\">The department<\/a><\/li>\n<li><a href=\"https:\/\/urologie-paris-cochin.com\/en\/consultations\/\">The consultations<\/a><\/li>\n<\/ul>\n<div style=\"margin-top: 10px;\">\n<p>Or ask for:<\/p>\n<ul>\n<li><a href=\"https:\/\/urologie-paris-cochin.com\/en\/avis-medical-en-ligne\/\">Online medical advice<\/a><\/li>\n<\/ul>\n<\/div>","protected":false},"excerpt":{"rendered":"<p>Le saviez-vous ? Au classement mondial des meilleurs h\u00f4pitaux 2025, notre service est 35\u00e8me et 2\u00e8me en France ! D\u00e9couvrez : Le service Les consultations Ou demandez : Un avis m\u00e9dical en ligne<\/p>","protected":false},"author":1,"featured_media":0,"parent":0,"menu_order":0,"comment_status":"closed","ping_status":"closed","template":"","meta":{"inline_featured_image":false,"footnotes":""},"class_list":["post-468","page","type-page","status-publish","hentry"],"acf":[],"_links":{"self":[{"href":"https:\/\/urologie-paris-cochin.com\/en\/wp-json\/wp\/v2\/pages\/468","targetHints":{"allow":["GET"]}}],"collection":[{"href":"https:\/\/urologie-paris-cochin.com\/en\/wp-json\/wp\/v2\/pages"}],"about":[{"href":"https:\/\/urologie-paris-cochin.com\/en\/wp-json\/wp\/v2\/types\/page"}],"author":[{"embeddable":true,"href":"https:\/\/urologie-paris-cochin.com\/en\/wp-json\/wp\/v2\/users\/1"}],"replies":[{"embeddable":true,"href":"https:\/\/urologie-paris-cochin.com\/en\/wp-json\/wp\/v2\/comments?post=468"}],"version-history":[{"count":13,"href":"https:\/\/urologie-paris-cochin.com\/en\/wp-json\/wp\/v2\/pages\/468\/revisions"}],"predecessor-version":[{"id":592,"href":"https:\/\/urologie-paris-cochin.com\/en\/wp-json\/wp\/v2\/pages\/468\/revisions\/592"}],"wp:attachment":[{"href":"https:\/\/urologie-paris-cochin.com\/en\/wp-json\/wp\/v2\/media?parent=468"}],"curies":[{"name":"wp","href":"https:\/\/api.w.org\/{rel}","templated":true}]}}