{"id":233,"date":"2021-04-04T16:11:17","date_gmt":"2021-04-04T14:11:17","guid":{"rendered":"https:\/\/urologie-paris-cochin.com\/?page_id=233"},"modified":"2021-04-10T13:54:58","modified_gmt":"2021-04-10T11:54:58","slug":"informations-pratiques","status":"publish","type":"page","link":"https:\/\/urologie-paris-cochin.com\/en\/informations-pratiques\/","title":{"rendered":"Useful information"},"content":{"rendered":"<div id=\"service-urologie-hopital\">\n<h1 title=\"How to get to the Cochin hospital department of urology\">Uology department of the Cochin hospital<\/h1>\n<\/div>\n<p>Urology department - 123 boulevard de Port-Royal -75014 Paris \u2013 France<br \/>\nUrology consultation: ground floor, front entrance<br \/>\nMedical and secretarial offices: ground floor, garden entrance<br \/>\nHospitalization<br \/>\nAboulker unit: 2<sup>th<\/sup> floor<br \/>\nSteg and Albarran units: 3<sup>th<\/sup> floor<\/p>\n<p><span style=\"font-weight: bold; color: #9d2b33;\">Attention, the department of urology is on the Port-Royal site, not on the Cochin site!<\/span><\/p>\n<div id=\"numeros-utiles\">\n<h1 title=\"Useful numbers\">Useful numbers<\/h1>\n<\/div>\n<p>Consultation (reception):<br \/>\nTel.: (+33) 1 58 41 27 63<\/p>\n<p>Hospitalization (reception)<br \/>\nTel.: (+33) 1 58 41 27 56<\/p>\n<div id=\"transports\">\n<h1 title=\"Transportation\">Transportation<\/h1>\n<\/div>\n<p>Bus: 38, 83, 91<br \/>\nMetro: line 6 \u2013 Saint-Jacques station<br \/>\nRER: B \u2013 Port-Royal station<\/p>\n<div id=\"plan-acces\">\n<h1 title=\"Access map Cochin urology department\">Access map<\/h1>\n<\/div>\n<div id=\"acces-image\">\n<p><img decoding=\"async\" title=\"Access map Cochin urology department\" src=\"https:\/\/urologie-paris-cochin.com\/wp-content\/uploads\/2021\/04\/urologie-access-min-scaled-1.jpg\" \/><\/p>\n<p><a title=\"Download a PDF version of the access map for the department of urology\" href=\"https:\/\/urologie-paris-cochin.com\/wp-content\/uploads\/2021\/04\/urologie-access_compressed.pdf\" target=\"_blank\" rel=\"noopener\">Download a PDF version of the access map for the department of urology<\/a><\/p>\n<\/div>\n<div id=\"link-pages\">\n<h1 title=\"More information\">More information<\/h1>\n<ul>\n<li><a title=\"Urology consultations\" href=\"https:\/\/urologie-paris-cochin.com\/en\/consultations\/\">Urology consultations<\/a><\/li>\n<li><a title=\"Request online medical advice\" href=\"https:\/\/urologie-paris-cochin.com\/en\/avis-medical-en-ligne\/\">Request online medical advice<\/a><\/li>\n<\/ul>\n<\/div>","protected":false},"excerpt":{"rendered":"<p>Service d&rsquo;urologie de l&rsquo;h\u00f4pital Cochin Service d&rsquo;urologie &#8211; 123 boulevard de Port-Royal -75014 Paris &#8211; France Consultation urologie : rez-de-chauss\u00e9e Bureaux m\u00e9dicaux et secr\u00e9tariats : rez-de-jardin Hospitalisation Unit\u00e9 Aboulker : 2\u00e8me \u00e9tage Unit\u00e9s Steg et Albarran : 3\u00e8me \u00e9tage Attention, le service d&rsquo;urologie se trouve sur le site Port-Royal et non pas sur le site Cochin ! Num\u00e9ros utiles Consultation (accueil) : T\u00e9l. : 01 58 41 27 63 Hospitalisation (accueil) : T\u00e9l. : 01 58 41 27 56 Transports Bus : 38, 83, 91 M\u00e9tro : ligne 6 &#8211; Arr\u00eat Saint-Jacques RER : B &#8211; Arr\u00eat Port-Royal Plan d&rsquo;acc\u00e8s T\u00e9l\u00e9chargez le plan d&rsquo;acc\u00e8s du service d&rsquo;urologie au format PDF Plus d&rsquo;informations Voir les consultations en urologie Demander un avis m\u00e9dical en ligne<\/p>","protected":false},"author":1,"featured_media":0,"parent":0,"menu_order":0,"comment_status":"closed","ping_status":"closed","template":"","meta":{"inline_featured_image":false,"footnotes":""},"class_list":["post-233","page","type-page","status-publish","hentry"],"acf":[],"_links":{"self":[{"href":"https:\/\/urologie-paris-cochin.com\/en\/wp-json\/wp\/v2\/pages\/233","targetHints":{"allow":["GET"]}}],"collection":[{"href":"https:\/\/urologie-paris-cochin.com\/en\/wp-json\/wp\/v2\/pages"}],"about":[{"href":"https:\/\/urologie-paris-cochin.com\/en\/wp-json\/wp\/v2\/types\/page"}],"author":[{"embeddable":true,"href":"https:\/\/urologie-paris-cochin.com\/en\/wp-json\/wp\/v2\/users\/1"}],"replies":[{"embeddable":true,"href":"https:\/\/urologie-paris-cochin.com\/en\/wp-json\/wp\/v2\/comments?post=233"}],"version-history":[{"count":0,"href":"https:\/\/urologie-paris-cochin.com\/en\/wp-json\/wp\/v2\/pages\/233\/revisions"}],"wp:attachment":[{"href":"https:\/\/urologie-paris-cochin.com\/en\/wp-json\/wp\/v2\/media?parent=233"}],"curies":[{"name":"wp","href":"https:\/\/api.w.org\/{rel}","templated":true}]}}