{"id":200,"date":"2021-04-04T12:02:16","date_gmt":"2021-04-04T10:02:16","guid":{"rendered":"https:\/\/urologie-paris-cochin.com\/?page_id=200"},"modified":"2021-04-22T20:04:46","modified_gmt":"2021-04-22T18:04:46","slug":"le-service","status":"publish","type":"page","link":"https:\/\/urologie-paris-cochin.com\/en\/le-service\/","title":{"rendered":"The department"},"content":{"rendered":"<p>Our department of urology treats all urinary tract pathologies. The main specialties are:<\/p>\n<div id=\"service-specialites\">\n<h1 title=\"Prostrate cancer\">Oncology<\/h1>\n<\/div>\n<p>Oncology is one of the strong points of the service. All urological cancers are treated here, whether it be prostate cancer, kidney cancer, bladder cancer, testicle cancer, or the rarest forms of tumours. Our department is a certified expert centre for urological oncology. More than half of our activity is dedicated to treating urological tumours.<\/p>\n<p>We cooperate with several departments of oncology and radiotherapy for tumours that require a multidisciplinary approach. Each week, the files of patients under treatment for cancer are discussed in the presence of the entire team of medical oncologists, radiation therapists, radiologists, and pathologists. These  multidisciplinary consultative meetings allow us to define a personalised healthcare treatment, with the aim of providing the least invasive treatment possible, avoiding in particular the over-treatment of tumours that are less aggressive.<\/p>\n<p>For each type of tumour, we use conventional approaches, but also more innovative techniques, particularly for prostate cancer: brachytherapy or focal treatment.<\/p>\n<div id=\"service-specialites\">\n<h1 title=\"Prostate adenoma\">Benign prostatic hyperplasia<\/h1>\n<\/div>\n<p>Our department is also quite invested in the treatment of this pathology, which is extremely common in the general population. Like for cancer, numerous treatments for benign prostatic hyperplasia are available:<\/p>\n<ul>\n<li>Conventional or bipolar resection<\/li>\n<li>Laser vaporization<\/li>\n<li>Prostatic urethral lift implants (Urolift\u00ae)<\/li>\n<li>Holmium laser enucleation of the prostate (HOLEP)<\/li>\n<\/ul>\n<div id=\"service-specialites\">\n<h1 title=\"Urinary lithiasis\">Urinary lithiasis<\/h1>\n<\/div>\n<p>For kidney and ureteral stones, we use all current minimally-invasive procedures (lithotripsy, laser ureteroscopy, or percutaneous surgery).<\/p>\n<div id=\"service-specialites\">\n<h1 title=\"Pelvic equilibrium\">Pelvic floor dysfunction<\/h1>\n<\/div>\n<p>Pelvic floor disorders can include urinary incontinence and\/or genitourinary prolapse. Numerous procedures are available to treat incontinence, whether it be for men (sub-urethral sling, periurethral balloons, or artificial urinary sphincter) or for women. To treat prolapses, we perform surgery through conventional, laparoscopic, or sometimes vaginal approaches. We handle difficult cases of over-active bladder, and offer botulinum toxin injections as well as sacral neuromodulation.<\/p>\n<div id=\"service-specialites\">\n<h1 title=\"Andrology\">Andrology<\/h1>\n<\/div>\n<ul>\n<li>Erectile dysfunction<\/li>\n<li>Reproductive organ pathologies and infertility<\/li>\n<div id=\"service-specialites\">\n<h1 title=\"Other activities\">Other activities<\/h1>\n<\/div>\n<p>We also handle:<\/p>\n<ul>\n<li>Urinary tract malformations<\/li>\n<li>Urinary tract infections<\/li>\n<li>Urological emergencies\u2026<\/li>\n<\/ul>\n<div id=\"link-pages\">\n<h1 title=\"More information\">More information<\/h1>\n<ul>\n<li><a title=\"Request online medical advice\" href=\"https:\/\/urologie-paris-cochin.com\/en\/avis-medical-en-ligne\/\">Request online medical advice<\/a><\/li>\n<li><a title=\"How to get to the Cochin hospital department of urology\" href=\"https:\/\/urologie-paris-cochin.com\/en\/informations-pratiques\/\">How to get to the Cochin hospital department of urology<\/a><\/li>\n<\/ul>\n<\/div>","protected":false},"excerpt":{"rendered":"<p>Notre service d&rsquo;urologie prend en charge toutes les pathologies de l&rsquo;appareil urinaire, dont voici les principales sp\u00e9cialit\u00e9s trait\u00e9es : Canc\u00e9rologie La canc\u00e9rologie est l&rsquo;un des p\u00f4les forts du service. Tous les cancers urologiques y sont trait\u00e9s, que ce soit le cancer de la prostate, du rein, de la vessie, du testicule ou les tumeurs plus rares. Notre service est labellis\u00e9 centre expert en canc\u00e9rologie urologique. Plus de la moiti\u00e9 de notre activit\u00e9 est d\u00e9di\u00e9e \u00e0 la prise en charge des tumeurs urologiques. Nous coop\u00e9rons avec plusieurs services d&rsquo;oncologie et de radioth\u00e9rapie pour les tumeurs qui rel\u00e8vent d&rsquo;une approche multidisciplinaire. Chaque semaine sont discut\u00e9s, en pr\u00e9sence de toute l&rsquo;\u00e9quipe, d&rsquo;oncologues m\u00e9dicaux, de radioth\u00e9rapeutes, de radiologues et d&rsquo;anatomo-pathologistes les dossiers des patients pris en charge pour un cancer. Ces r\u00e9unions de concertation pluridisciplinaire permettent de d\u00e9finir une prise en charge personnalis\u00e9e de soins, avec le souci de proposer le traitement le moins invasif possible en \u00e9vitant notamment le sur-traitement des tumeurs peu agressives. Pour chaque type de tumeur, nous disposons des techniques conventionnelles mais \u00e9galement de techniques plus innovantes, en particulier pour le cancer de la prostate : curieth\u00e9rapie ou traitement focal par laser. Ad\u00e9nome de la prostate Notre service est \u00e9galement tr\u00e8s investi dans le prise en charge de cette pathologie, qui est extr\u00eamement fr\u00e9quente dans la population g\u00e9n\u00e9rale. Comme pour le cancer, nous disposons pour l&rsquo;hypertrophie b\u00e9nigne de la prostate de nombreux traitements disponibles : R\u00e9section classique ou bipolaire Vaporisation par laser. Implants intra-prostatiques r\u00e9tractables (Urolift\u00ae) Enucl\u00e9ation au laser Holmium (HOLEP) Lithiase urinaire Calculs du rein et de l&rsquo;uret\u00e8re. Nous utilisons toutes les techniques mini-invasives actuelles (lithotriptie, ur\u00e9t\u00e9rosocopie avec laser, ou chirurgie percutan\u00e9e). Statique pelvienne Incontinence urinaire et prolapsus g\u00e9nito-urinaires. Nous disposons de nombreux proc\u00e9d\u00e9s pour traiter l&rsquo;incontinence, que ce soit chez l&rsquo;homme (bandelettes sous ur\u00e9thrales, ballonnets p\u00e9ri-ur\u00e9thraux, ou sphincter urinaire artificiel) ou chez la femme. Pour traiter les prolapsus, nous r\u00e9alisons les interventions par voie classique, par c\u0153lioscopie ou parfois par voie vaginale. Nous prenons en charge les cas difficiles d&rsquo;hyperactivit\u00e9 v\u00e9sicale, et proposons les injections de toxine botulinique, ainsi que la neuro-modulation sacr\u00e9e. Andrologie Troubles de l&rsquo;\u00e9rection Pathologies des organes g\u00e9nitaux Autres activit\u00e9s Nous nous occupons aussi des : Malformations de l&rsquo;appareil urinaire Infections urinaires Urgences urologiques&#8230; Plus d&rsquo;informations Demander un avis m\u00e9dical en ligne Se rendre dans le service d&rsquo;urologie de l&rsquo;h\u00f4pital Cochin<\/p>","protected":false},"author":1,"featured_media":0,"parent":0,"menu_order":0,"comment_status":"closed","ping_status":"closed","template":"","meta":{"inline_featured_image":false,"footnotes":""},"class_list":["post-200","page","type-page","status-publish","hentry"],"acf":[],"_links":{"self":[{"href":"https:\/\/urologie-paris-cochin.com\/en\/wp-json\/wp\/v2\/pages\/200","targetHints":{"allow":["GET"]}}],"collection":[{"href":"https:\/\/urologie-paris-cochin.com\/en\/wp-json\/wp\/v2\/pages"}],"about":[{"href":"https:\/\/urologie-paris-cochin.com\/en\/wp-json\/wp\/v2\/types\/page"}],"author":[{"embeddable":true,"href":"https:\/\/urologie-paris-cochin.com\/en\/wp-json\/wp\/v2\/users\/1"}],"replies":[{"embeddable":true,"href":"https:\/\/urologie-paris-cochin.com\/en\/wp-json\/wp\/v2\/comments?post=200"}],"version-history":[{"count":4,"href":"https:\/\/urologie-paris-cochin.com\/en\/wp-json\/wp\/v2\/pages\/200\/revisions"}],"predecessor-version":[{"id":458,"href":"https:\/\/urologie-paris-cochin.com\/en\/wp-json\/wp\/v2\/pages\/200\/revisions\/458"}],"wp:attachment":[{"href":"https:\/\/urologie-paris-cochin.com\/en\/wp-json\/wp\/v2\/media?parent=200"}],"curies":[{"name":"wp","href":"https:\/\/api.w.org\/{rel}","templated":true}]}}