{"id":195,"date":"2021-04-04T12:01:58","date_gmt":"2021-04-04T10:01:58","guid":{"rendered":"https:\/\/urologie-paris-cochin.com\/?page_id=195"},"modified":"2026-01-08T21:18:17","modified_gmt":"2026-01-08T20:18:17","slug":"consultations","status":"publish","type":"page","link":"https:\/\/urologie-paris-cochin.com\/en\/consultations\/","title":{"rendered":"Consultations"},"content":{"rendered":"<div id=\"horaires-consultations\">Specialised consultations in urology are possible Monday through Friday, from 8:30 a.m. to 5:30 p.m.<br \/>\nYou can set up an appointment directly by contacting the team doctors\u2019 secretarial office.<\/div>\n<div id=\"consultations\">\n<h1 title=\"Professors in urology\">Professors<\/h1>\n<\/div>\n<div id=\"awsm-team-292\" class=\"awsm-grid-wrapper\">\n\t\t\n\t\t\t<div class=\"awsm-grid list-style style-1 grid-2-col\">\n\t\t\t\t\t\t<div id=\"awsm-member-292-288\" class=\"awsm-grid-card awsm-team-item awsm-scale-anm awsm-all awsm-9\">\n\t\t\t\t   <figure>\n\t\t\t\t\t <img loading=\"lazy\" decoding=\"async\" width=\"500\" height=\"500\" src=\"https:\/\/urologie-paris-cochin.com\/wp-content\/uploads\/2021\/04\/Pr-Michael-PEYROMAURE.png\" class=\"attachment-awsm_team size-awsm_team wp-post-image\" alt=\"Pr Micha\u00ebl PEYROMAURE\" \/>\t\t\t\t\t\t <figcaption>\n\t\t\t\t\t\t\t<div class=\"awsm-personal-info\"><h3>Pr Micha\u00ebl PEYROMAURE &#8211; <em>Head of department<\/em><\/h3><span><\/span><\/div>\n\t\t\t\t\t\t\t<div class=\"awsm-contact-info\">\n\t\t\t\t\t\t\t\t<div class=\"awsm-contact-details\"><p><span>:<\/span>Tel.: (+33) 1 58 41 27 54 <\/p><p><span>:<\/span>E-mail: rouffia.haddar@aphp.fr<\/p><\/div>\t\t\t\t\t\t\t<\/div>\n\t\t\t\t\t\t <\/figcaption>\n\t\t\t\t   <\/figure>\n\t\t\t\t<\/div>\n\t\t\t\t\t\t\t<div id=\"awsm-member-292-287\" class=\"awsm-grid-card awsm-team-item awsm-scale-anm awsm-all awsm-9\">\n\t\t\t\t   <figure>\n\t\t\t\t\t <img loading=\"lazy\" decoding=\"async\" width=\"500\" height=\"500\" src=\"https:\/\/urologie-paris-cochin.com\/wp-content\/uploads\/2021\/04\/Pr-Nicolas-BARRY-DELONGCHAMPS.png\" class=\"attachment-awsm_team size-awsm_team wp-post-image\" alt=\"Pr Nicolas BARRY DELONGCHAMPS\" \/>\t\t\t\t\t\t <figcaption>\n\t\t\t\t\t\t\t<div class=\"awsm-personal-info\"><h3>Pr Nicolas BARRY DELONGCHAMPS<\/h3><span><\/span><\/div>\n\t\t\t\t\t\t\t<div class=\"awsm-contact-info\">\n\t\t\t\t\t\t\t\t<div class=\"awsm-contact-details\"><p><span>:<\/span>Tel.: (+33) 1 58 41 27 64 <\/p><p><span>:<\/span>Email: stephanie.streletz@aphp.fr<\/p><\/div>\t\t\t\t\t\t\t<\/div>\n\t\t\t\t\t\t <\/figcaption>\n\t\t\t\t   <\/figure>\n\t\t\t\t<\/div>\n\t\t\t\t\t<\/div>\n\t\t<\/div>\n\n<div id=\"consultations\">\n<h1 title=\"Hospital practitioners\">Hospital practitioners<\/h1>\n<\/div>\n<div id=\"awsm-team-291\" class=\"awsm-grid-wrapper\">\n\t\t\n\t\t\t<div class=\"awsm-grid list-style style-1 grid-2-col\">\n\t\t\t\t\t\t<div id=\"awsm-member-291-286\" class=\"awsm-grid-card awsm-team-item awsm-scale-anm awsm-all awsm-8\">\n\t\t\t\t   <figure>\n\t\t\t\t\t <img loading=\"lazy\" decoding=\"async\" width=\"500\" height=\"500\" src=\"https:\/\/urologie-paris-cochin.com\/wp-content\/uploads\/2021\/04\/Pr-Djillali-SAIGHI.png\" class=\"attachment-awsm_team size-awsm_team wp-post-image\" alt=\"Pr Djillali SA\u00cfGHII\" \/>\t\t\t\t\t\t <figcaption>\n\t\t\t\t\t\t\t<div class=\"awsm-personal-info\"><h3>Pr Djillali SA\u00cfGHI<\/h3><span><\/span><\/div>\n\t\t\t\t\t\t\t<div class=\"awsm-contact-info\">\n\t\t\t\t\t\t\t\t<div class=\"awsm-contact-details\"><p><span>:<\/span>Tel.: (+33) 1 58 41 27 72<\/p><p><span>:<\/span>E-mail : dalla.bouaro@aphp.fr<\/p><\/div>\t\t\t\t\t\t\t<\/div>\n\t\t\t\t\t\t <\/figcaption>\n\t\t\t\t   <\/figure>\n\t\t\t\t<\/div>\n\t\t\t\t\t\t\t<div id=\"awsm-member-291-284\" class=\"awsm-grid-card awsm-team-item awsm-scale-anm awsm-all awsm-8\">\n\t\t\t\t   <figure>\n\t\t\t\t\t <img loading=\"lazy\" decoding=\"async\" width=\"500\" height=\"500\" src=\"https:\/\/urologie-paris-cochin.com\/wp-content\/uploads\/2021\/04\/Dr-Jordan-SAPETTI.png\" class=\"attachment-awsm_team size-awsm_team wp-post-image\" alt=\"Dr Jordan SAPETTI\" \/>\t\t\t\t\t\t <figcaption>\n\t\t\t\t\t\t\t<div class=\"awsm-personal-info\"><h3>Dr Jordan SAPETTI<\/h3><span><\/span><\/div>\n\t\t\t\t\t\t\t<div class=\"awsm-contact-info\">\n\t\t\t\t\t\t\t\t<div class=\"awsm-contact-details\"><p><span>:<\/span>Tel.: (+33) 1 58 41 27 48<\/p><p><span>:<\/span>E-mail : nathalie.bavye@aphp.fr<\/p><\/div>\t\t\t\t\t\t\t<\/div>\n\t\t\t\t\t\t <\/figcaption>\n\t\t\t\t   <\/figure>\n\t\t\t\t<\/div>\n\t\t\t\t\t\t\t<div id=\"awsm-member-291-275\" class=\"awsm-grid-card awsm-team-item awsm-scale-anm awsm-all awsm-8\">\n\t\t\t\t   <figure>\n\t\t\t\t\t <img loading=\"lazy\" decoding=\"async\" width=\"500\" height=\"500\" src=\"https:\/\/urologie-paris-cochin.com\/wp-content\/uploads\/2021\/04\/sabine-roux-min.jpg\" class=\"attachment-awsm_team size-awsm_team wp-post-image\" alt=\"Dr Sabine ROUX\" \/>\t\t\t\t\t\t <figcaption>\n\t\t\t\t\t\t\t<div class=\"awsm-personal-info\"><h3>Dr Sabine ROUX<\/h3><span><\/span><\/div>\n\t\t\t\t\t\t\t<div class=\"awsm-contact-info\">\n\t\t\t\t\t\t\t\t<div class=\"awsm-contact-details\"><p><span>:<\/span>Tel.: (+33) 1 58 41 27 48<\/p><p><span>:<\/span>E-mail : nathalie.bavye@aphp.fr<\/p><\/div>\t\t\t\t\t\t\t<\/div>\n\t\t\t\t\t\t <\/figcaption>\n\t\t\t\t   <\/figure>\n\t\t\t\t<\/div>\n\t\t\t\t\t\t\t<div id=\"awsm-member-291-283\" class=\"awsm-grid-card awsm-team-item awsm-scale-anm awsm-all awsm-8\">\n\t\t\t\t   <figure>\n\t\t\t\t\t <img loading=\"lazy\" decoding=\"async\" width=\"500\" height=\"500\" src=\"https:\/\/urologie-paris-cochin.com\/wp-content\/uploads\/2021\/04\/Dr-Julien-ANRACT.png\" class=\"attachment-awsm_team size-awsm_team wp-post-image\" alt=\"Dr Julien ANRACT\" \/>\t\t\t\t\t\t <figcaption>\n\t\t\t\t\t\t\t<div class=\"awsm-personal-info\"><h3>Dr Julien ANRACT<\/h3><span><\/span><\/div>\n\t\t\t\t\t\t\t<div class=\"awsm-contact-info\">\n\t\t\t\t\t\t\t\t<div class=\"awsm-contact-details\"><p><span>:<\/span>Tel.: (+33) 1 58 41 33 55<\/p><p><span>:<\/span>E-mail: sarah.bibi.triqui@aphp.fr<\/p><\/div>\t\t\t\t\t\t\t<\/div>\n\t\t\t\t\t\t <\/figcaption>\n\t\t\t\t   <\/figure>\n\t\t\t\t<\/div>\n\t\t\t\t\t\t\t<div id=\"awsm-member-291-285\" class=\"awsm-grid-card awsm-team-item awsm-scale-anm awsm-all awsm-8\">\n\t\t\t\t   <figure>\n\t\t\t\t\t <img loading=\"lazy\" decoding=\"async\" width=\"500\" height=\"500\" src=\"https:\/\/urologie-paris-cochin.com\/wp-content\/uploads\/2021\/04\/thierry-dayma-min.jpg\" class=\"attachment-awsm_team size-awsm_team wp-post-image\" alt=\"Dr Thierry DAYMA\" \/>\t\t\t\t\t\t <figcaption>\n\t\t\t\t\t\t\t<div class=\"awsm-personal-info\"><h3>Dr Thierry DAYMA<\/h3><span><\/span><\/div>\n\t\t\t\t\t\t\t<div class=\"awsm-contact-info\">\n\t\t\t\t\t\t\t\t<div class=\"awsm-contact-details\"><p><span>:<\/span>Tel.: (+33) 1 58 41 27 64 <\/p><p><span>:<\/span>Email: stephanie.streletz@aphp.fr<\/p><\/div>\t\t\t\t\t\t\t<\/div>\n\t\t\t\t\t\t <\/figcaption>\n\t\t\t\t   <\/figure>\n\t\t\t\t<\/div>\n\t\t\t\t\t<\/div>\n\t\t<\/div>\n\n<div id=\"consultations\">\n<h1 title=\"Clinical directors and assistants\">Urology fellows and assistants<\/h1>\n<\/div>\n<div id=\"awsm-team-290\" class=\"awsm-grid-wrapper\">\n\t\t\n\t\t\t<div class=\"awsm-grid list-style style-1 grid-2-col\">\n\t\t\t\t\t\t<div id=\"awsm-member-290-507\" class=\"awsm-grid-card awsm-team-item awsm-scale-anm awsm-all awsm-7\">\n\t\t\t\t   <figure>\n\t\t\t\t\t <img loading=\"lazy\" decoding=\"async\" width=\"500\" height=\"500\" src=\"https:\/\/urologie-paris-cochin.com\/wp-content\/uploads\/2022\/11\/Dr-Johnny-BOUSTANY.png\" class=\"attachment-awsm_team size-awsm_team wp-post-image\" alt=\"Dr Johnny Boustany\" \/>\t\t\t\t\t\t <figcaption>\n\t\t\t\t\t\t\t<div class=\"awsm-personal-info\"><h3>Dr Johnny BOUSTANY<\/h3><span><\/span><\/div>\n\t\t\t\t\t\t\t<div class=\"awsm-contact-info\">\n\t\t\t\t\t\t\t\t<div class=\"awsm-contact-details\"><p><span>:<\/span>Tel.: (+33) 1 58 41 27 64<\/p><p><span>:<\/span>Email: stephanie.streletz@aphp.fr<\/p><\/div>\t\t\t\t\t\t\t<\/div>\n\t\t\t\t\t\t <\/figcaption>\n\t\t\t\t   <\/figure>\n\t\t\t\t<\/div>\n\t\t\t\t\t\t\t<div id=\"awsm-member-290-281\" class=\"awsm-grid-card awsm-team-item awsm-scale-anm awsm-all awsm-7\">\n\t\t\t\t   <figure>\n\t\t\t\t\t <img loading=\"lazy\" decoding=\"async\" width=\"500\" height=\"500\" src=\"https:\/\/urologie-paris-cochin.com\/wp-content\/uploads\/2021\/04\/Dr-Armin-PRIAM.png\" class=\"attachment-awsm_team size-awsm_team wp-post-image\" alt=\"Dr Armin PRIAM\" \/>\t\t\t\t\t\t <figcaption>\n\t\t\t\t\t\t\t<div class=\"awsm-personal-info\"><h3>Dr Armin PRIAM<\/h3><span><\/span><\/div>\n\t\t\t\t\t\t\t<div class=\"awsm-contact-info\">\n\t\t\t\t\t\t\t\t<div class=\"awsm-contact-details\"><p><span>:<\/span>Tel.: (+33) 1 58 41 33 55<\/p><p><span>:<\/span>E-mail: sarah.bibi.triqui@aphp.fr<\/p><\/div>\t\t\t\t\t\t\t<\/div>\n\t\t\t\t\t\t <\/figcaption>\n\t\t\t\t   <\/figure>\n\t\t\t\t<\/div>\n\t\t\t\t\t\t\t<div id=\"awsm-member-290-558\" class=\"awsm-grid-card awsm-team-item awsm-scale-anm awsm-all awsm-7\">\n\t\t\t\t   <figure>\n\t\t\t\t\t <img loading=\"lazy\" decoding=\"async\" width=\"500\" height=\"500\" src=\"https:\/\/urologie-paris-cochin.com\/wp-content\/uploads\/2025\/04\/Giulia-MANFREDINI.png\" class=\"attachment-awsm_team size-awsm_team wp-post-image\" alt=\"Giulia MANFREDINI\" \/>\t\t\t\t\t\t <figcaption>\n\t\t\t\t\t\t\t<div class=\"awsm-personal-info\"><h3>Dr Giulia MANFREDINI<\/h3><span><\/span><\/div>\n\t\t\t\t\t\t\t<div class=\"awsm-contact-info\">\n\t\t\t\t\t\t\t\t<div class=\"awsm-contact-details\"><p><span>:<\/span>Tel.: (+33) 1 58 41 27 54<\/p><p><span>:<\/span>E-mail: rouffia.haddar@aphp.fr<\/p><\/div>\t\t\t\t\t\t\t<\/div>\n\t\t\t\t\t\t <\/figcaption>\n\t\t\t\t   <\/figure>\n\t\t\t\t<\/div>\n\t\t\t\t\t\t\t<div id=\"awsm-member-290-587\" class=\"awsm-grid-card awsm-team-item awsm-scale-anm awsm-all awsm-7\">\n\t\t\t\t   <figure>\n\t\t\t\t\t <img loading=\"lazy\" decoding=\"async\" width=\"428\" height=\"428\" src=\"https:\/\/urologie-paris-cochin.com\/wp-content\/uploads\/2026\/01\/Nicolas_Vienney-e1767901286249.jpg\" class=\"attachment-awsm_team size-awsm_team wp-post-image\" alt=\"Nicolas Vienney\" \/>\t\t\t\t\t\t <figcaption>\n\t\t\t\t\t\t\t<div class=\"awsm-personal-info\"><h3>Dr Nicolas VIENNEY<\/h3><span><\/span><\/div>\n\t\t\t\t\t\t\t<div class=\"awsm-contact-info\">\n\t\t\t\t\t\t\t\t<div class=\"awsm-contact-details\"><p><span>:<\/span>Tel.: (+33) 1 58 41 27 72<\/p><p><span>:<\/span>E-mail : dalla.bouaro@aphp.fr<\/p><\/div>\t\t\t\t\t\t\t<\/div>\n\t\t\t\t\t\t <\/figcaption>\n\t\t\t\t   <\/figure>\n\t\t\t\t<\/div>\n\t\t\t\t\t<\/div>\n\t\t<\/div>\n\n<div id=\"consultations\">\n<h1 title=\"Other associated practitioners\">Other associated practitioners<\/h1>\n<\/div>\n<div id=\"autres-praticiens\">\n<h2 title=\"Chirurgien urologue en urologie\">Urology surgeons<\/h2>\n<p>Dr David AZOULAI<br \/>\nDr David CHARBIT<\/p>\n<h2 title=\"Radioth\u00e9rapeute en urologie\">Radiation therapist<\/h2>\n<p>Dr Philippe GIRAUD<\/p>\n<h2 title=\"Oncologue en urologie\">Oncologist<\/h2>\n<p>Dr Olivier HUILLARD<br \/>\nDr Manuela TIAKO MEYO<\/p>\n<\/div>\n<div id=\"consultations\"><\/div>\n<div id=\"link-pages\">\n<h1 title=\"More information\">More information<\/h1>\n<ul>\n<li><a title=\"Request online medical advice\" href=\"https:\/\/urologie-paris-cochin.com\/en\/avis-medical-en-ligne\/\">Request online medical advice<\/a><\/li>\n<li><a title=\"Discover the Cochin hospital department of urology\" href=\"https:\/\/urologie-paris-cochin.com\/en\/le-service\/\">Discover the Cochin hospital department of urology<\/a><\/li>\n<\/ul>\n<\/div>","protected":false},"excerpt":{"rendered":"<p>Des consultations sp\u00e9cialis\u00e9es en urologie sont possibles du lundi au vendredi, de 8h30 \u00e0 17h30. Vous pouvez prendre rendez-vous directement en contactant les secr\u00e9tariats des m\u00e9decins de l&rsquo;\u00e9quipe. Les professeurs Les praticiens hospitaliers Les chefs de clinique et assistants Les autres praticiens attach\u00e9s Chirurgiens urologues Dr David AZOULAI Dr David CHARBIT Radioth\u00e9rapeute Dr Philippe GIRAUD Oncologue Dr Olivier HUILLARD Dr Manuela TIAKO MEYO Plus d&rsquo;informations Demander un avis m\u00e9dical en ligne D\u00e9couvrir le service d&rsquo;urologie de l&rsquo;h\u00f4pital Cochin<\/p>","protected":false},"author":1,"featured_media":0,"parent":0,"menu_order":0,"comment_status":"closed","ping_status":"closed","template":"","meta":{"inline_featured_image":false,"footnotes":""},"class_list":["post-195","page","type-page","status-publish","hentry"],"acf":[],"_links":{"self":[{"href":"https:\/\/urologie-paris-cochin.com\/en\/wp-json\/wp\/v2\/pages\/195","targetHints":{"allow":["GET"]}}],"collection":[{"href":"https:\/\/urologie-paris-cochin.com\/en\/wp-json\/wp\/v2\/pages"}],"about":[{"href":"https:\/\/urologie-paris-cochin.com\/en\/wp-json\/wp\/v2\/types\/page"}],"author":[{"embeddable":true,"href":"https:\/\/urologie-paris-cochin.com\/en\/wp-json\/wp\/v2\/users\/1"}],"replies":[{"embeddable":true,"href":"https:\/\/urologie-paris-cochin.com\/en\/wp-json\/wp\/v2\/comments?post=195"}],"version-history":[{"count":11,"href":"https:\/\/urologie-paris-cochin.com\/en\/wp-json\/wp\/v2\/pages\/195\/revisions"}],"predecessor-version":[{"id":594,"href":"https:\/\/urologie-paris-cochin.com\/en\/wp-json\/wp\/v2\/pages\/195\/revisions\/594"}],"wp:attachment":[{"href":"https:\/\/urologie-paris-cochin.com\/en\/wp-json\/wp\/v2\/media?parent=195"}],"curies":[{"name":"wp","href":"https:\/\/api.w.org\/{rel}","templated":true}]}}