{"id":17,"date":"2021-02-25T19:32:26","date_gmt":"2021-02-25T18:32:26","guid":{"rendered":"https:\/\/urologie-paris-cochin.com\/?page_id=17"},"modified":"2021-04-06T19:40:48","modified_gmt":"2021-04-06T17:40:48","slug":"avis-medical-en-ligne","status":"publish","type":"page","link":"https:\/\/urologie-paris-cochin.com\/en\/avis-medical-en-ligne\/","title":{"rendered":"Online medical advice"},"content":{"rendered":"<p>Do you want to ask a question online?<br \/>\nFill out this form: the team from the Cochin department of urology will answer you as soon as possible.<br \/>\n<span style=\"color: #9d2b33; font-weight: bold;\">In the case of an emergency, we guarantee to reply within 48 hours.<\/span><br \/>\nAttention! This site does not allow online discussion, but only to obtain an answer to your questions.<br \/>\nYou can also send us an e-mail at <a title=\"E-mail urologie Cochin\" href=\"mailto:contact@urologie-paris-cochin.com\">contact@urologie-paris-cochin.com<\/a><\/p>\n\n<div class=\"wpcf7 no-js\" id=\"wpcf7-f23-o1\" lang=\"fr-FR\" dir=\"ltr\" data-wpcf7-id=\"23\">\n<div class=\"screen-reader-response\"><p role=\"status\" aria-live=\"polite\" aria-atomic=\"true\"><\/p> <ul><\/ul><\/div>\n<form action=\"\/en\/wp-json\/wp\/v2\/pages\/17#wpcf7-f23-o1\" method=\"post\" class=\"wpcf7-form init\" aria-label=\"Formulaire de contact\" enctype=\"multipart\/form-data\" novalidate=\"novalidate\" data-status=\"init\" data-trp-original-action=\"\/en\/wp-json\/wp\/v2\/pages\/17#wpcf7-f23-o1\">\n<fieldset class=\"hidden-fields-container\"><input type=\"hidden\" name=\"_wpcf7\" value=\"23\" \/><input type=\"hidden\" name=\"_wpcf7_version\" value=\"6.1.1\" \/><input type=\"hidden\" name=\"_wpcf7_locale\" value=\"fr_FR\" \/><input type=\"hidden\" name=\"_wpcf7_unit_tag\" value=\"wpcf7-f23-o1\" \/><input type=\"hidden\" name=\"_wpcf7_container_post\" value=\"0\" \/><input type=\"hidden\" name=\"_wpcf7_posted_data_hash\" value=\"\" \/><input type=\"hidden\" name=\"_wpcf7_recaptcha_response\" value=\"\" \/>\n<\/fieldset>\n<div id=\"formulaire-de-contact\">\n\t<p><span class=\"wpcf7-form-control-wrap\" data-name=\"nom\"><input size=\"40\" maxlength=\"400\" class=\"wpcf7-form-control wpcf7-text wpcf7-validates-as-required\" id=\"nom-nom\" aria-required=\"true\" aria-invalid=\"false\" placeholder=\"Last name*\" value=\"\" type=\"text\" name=\"nom\" \/><\/span><br \/>\n<span class=\"wpcf7-form-control-wrap\" data-name=\"prenom\"><input size=\"40\" maxlength=\"400\" class=\"wpcf7-form-control wpcf7-text wpcf7-validates-as-required\" aria-required=\"true\" aria-invalid=\"false\" placeholder=\"First name*\" value=\"\" type=\"text\" name=\"prenom\" \/><\/span><br \/>\n<span class=\"wpcf7-form-control-wrap\" data-name=\"your-email\"><input size=\"40\" maxlength=\"400\" class=\"wpcf7-form-control wpcf7-email wpcf7-validates-as-required wpcf7-text wpcf7-validates-as-email\" aria-required=\"true\" aria-invalid=\"false\" placeholder=\"E-mail*\" value=\"\" type=\"email\" name=\"your-email\" \/><\/span><br \/>\n<span class=\"wpcf7-form-control-wrap\" data-name=\"telephone\"><input size=\"40\" maxlength=\"400\" class=\"wpcf7-form-control wpcf7-tel wpcf7-validates-as-required wpcf7-text wpcf7-validates-as-tel\" aria-required=\"true\" aria-invalid=\"false\" placeholder=\"Phone*\" value=\"\" type=\"tel\" name=\"telephone\" \/><\/span>\n\t<\/p>\n\t<p>Subject<sup>*<\/sup><br \/>\n<span class=\"wpcf7-form-control-wrap\" data-name=\"Sujet\"><select class=\"wpcf7-form-control wpcf7-select wpcf7-validates-as-required\" aria-required=\"true\" aria-invalid=\"false\" name=\"Sujet\"><option value=\"Avis urgent\">Urgent question<\/option><option value=\"Question d&#039;ordre g\u00e9n\u00e9ral\">General question<\/option><option value=\"Ad\u00e9nome de prostate\">Prostate hyperplasia<\/option><option value=\"Calcul urinaire\">Stone disease<\/option><option value=\"Cancer de la prostate\">Prostate cancer<\/option><option value=\"Cancer du rein\">Kidney cancer<\/option><option value=\"Infection urinaire\">Urinary tract infection<\/option><option value=\"Malformation\">Malformation<\/option><option value=\"Prolapsus\">Prolapse<\/option><option value=\"Trouble de l&#039;\u00e9rection\">Erectile dysfunction<\/option><option value=\"Tumeur de vessie\">Tumour of the bladder<\/option><option value=\"Autre\">Other<\/option><\/select><\/span>\n\t<\/p>\n\t<p>Message<sup>*<\/sup><br \/>\n<span class=\"wpcf7-form-control-wrap\" data-name=\"Message\"><textarea cols=\"40\" rows=\"10\" maxlength=\"2000\" class=\"wpcf7-form-control wpcf7-textarea wpcf7-validates-as-required\" aria-required=\"true\" aria-invalid=\"false\" name=\"Message\"><\/textarea><\/span>\n\t<\/p>\n\t<div id=\"pieces-jointes-anglais\">\n\t\t<p>Attachment(s)<br \/>\n<span class=\"wpcf7-form-control-wrap\" data-name=\"piece-jointe\"><input size=\"40\" class=\"wpcf7-form-control wpcf7-file\" accept=\".jpg,.jpeg,.png,.gif,.pdf,.doc,.docx\" aria-invalid=\"false\" type=\"file\" name=\"piece-jointe\" \/><\/span>\n\t\t<\/p>\n\t\t<p><span class=\"wpcf7-form-control-wrap\" data-name=\"autre-piece-jointe\"><input size=\"40\" class=\"wpcf7-form-control wpcf7-file\" accept=\".jpg,.jpeg,.png,.gif,.pdf,.doc,.docx\" aria-invalid=\"false\" type=\"file\" name=\"autre-piece-jointe\" \/><\/span>\n\t\t<\/p>\n\t\t<p><span class=\"wpcf7-form-control-wrap\" data-name=\"troisieme-piece-jointe\"><input size=\"40\" class=\"wpcf7-form-control wpcf7-file\" accept=\".jpg,.jpeg,.png,.gif,.pdf,.doc,.docx\" aria-invalid=\"false\" type=\"file\" name=\"troisieme-piece-jointe\" \/><\/span>\n\t\t<\/p>\n\t<\/div>\n<\/div>\n<div id=\"formulaire-de-contact-rgdp\">\n\t<p>By submitting this form, you automatically accept the <a href=\"https:\/\/urologie-paris-cochin.com\/en\/rgdp\/\" target=\"_blank\">General Data Protection Regulation (GDPR)<\/a> in force on this site.\n\t<\/p>\n\t<p><sup>*<\/sup>Required field(s).\n\t<\/p>\n<\/div>\n<div style=\"text-align:center\">\n\t<p><input class=\"wpcf7-form-control wpcf7-submit has-spinner\" type=\"submit\" value=\"Send\" \/>\n\t<\/p>\n<\/div><p style=\"display: none !important;\" class=\"akismet-fields-container\" data-prefix=\"_wpcf7_ak_\"><label>&#916;<textarea name=\"_wpcf7_ak_hp_textarea\" cols=\"45\" rows=\"8\" maxlength=\"100\"><\/textarea><\/label><input type=\"hidden\" id=\"ak_js_1\" name=\"_wpcf7_ak_js\" value=\"64\"\/><script>document.getElementById( \"ak_js_1\" ).setAttribute( \"value\", ( new Date() ).getTime() );<\/script><\/p><div class=\"wpcf7-response-output\" aria-hidden=\"true\"><\/div>\n<input type=\"hidden\" name=\"trp-form-language\" value=\"en\"\/><\/form>\n<\/div>","protected":false},"excerpt":{"rendered":"<p>Vous souhaitez nous poser une question en ligne ? N&rsquo;h\u00e9sitez pas \u00e0 remplir ce formulaire : l&rsquo;\u00e9quipe du service d&rsquo;urologie de Cochin vous r\u00e9pondra dans les meilleurs d\u00e9lais. S&rsquo;il s&rsquo;agit d&rsquo;une urgence, nous nous engageons \u00e0 vous r\u00e9pondre dans les 48h. Attention ! Ce site ne permet pas des discussions en ligne, mais seulement d&rsquo;obtenir une r\u00e9ponse ponctuelle \u00e0 vos questions. Vous pouvez aussi nous envoyer un e-mail \u00e0 contact@urologie-paris-cochin.com<\/p>","protected":false},"author":1,"featured_media":0,"parent":0,"menu_order":0,"comment_status":"closed","ping_status":"closed","template":"","meta":{"inline_featured_image":false,"footnotes":""},"class_list":["post-17","page","type-page","status-publish","hentry"],"acf":[],"_links":{"self":[{"href":"https:\/\/urologie-paris-cochin.com\/en\/wp-json\/wp\/v2\/pages\/17","targetHints":{"allow":["GET"]}}],"collection":[{"href":"https:\/\/urologie-paris-cochin.com\/en\/wp-json\/wp\/v2\/pages"}],"about":[{"href":"https:\/\/urologie-paris-cochin.com\/en\/wp-json\/wp\/v2\/types\/page"}],"author":[{"embeddable":true,"href":"https:\/\/urologie-paris-cochin.com\/en\/wp-json\/wp\/v2\/users\/1"}],"replies":[{"embeddable":true,"href":"https:\/\/urologie-paris-cochin.com\/en\/wp-json\/wp\/v2\/comments?post=17"}],"version-history":[{"count":0,"href":"https:\/\/urologie-paris-cochin.com\/en\/wp-json\/wp\/v2\/pages\/17\/revisions"}],"wp:attachment":[{"href":"https:\/\/urologie-paris-cochin.com\/en\/wp-json\/wp\/v2\/media?parent=17"}],"curies":[{"name":"wp","href":"https:\/\/api.w.org\/{rel}","templated":true}]}}