{"id":164,"date":"2021-02-26T15:33:57","date_gmt":"2021-02-26T14:33:57","guid":{"rendered":"https:\/\/urologie-paris-cochin.com\/?page_id=164"},"modified":"2021-04-06T19:24:32","modified_gmt":"2021-04-06T17:24:32","slug":"cochin-a-l-international","status":"publish","type":"page","link":"https:\/\/urologie-paris-cochin.com\/en\/cochin-a-l-international\/","title":{"rendered":"Cochin worldwide"},"content":{"rendered":"<p>The Cochin hospital department of urology has developed numerous international collaborations in the fields of healthcare, research, and teaching.<\/p>\n<p>We have established collaborations on every continent:<\/p>\n<div id=\"europe\">\n<h1 title=\"Europe\">Europe<\/h1>\n<\/div>\n<p>In Europe, it is mainly scientific and academic collaborations, through <a title=\"European Association of Urology\" href=\"https:\/\/www.urologie-sante.fr\/european-association-urology\" target=\"_blank\" rel=\"noopener\">the European Association of Urology<\/a>. We participate in many multi-centric clinical research protocols, in conjunction with German, English, Austrian, Italian, and English departments of urology. We regularly host students and interns from these various countries within the framework of training programmes.<\/p>\n<p>We also participate in a laparoscopic surgery teaching programme  at <a title=\"Sechenov University\" href=\"https:\/\/www.sechenov.ru\/eng\/\" target=\"_blank\" rel=\"noopener\">the Sechenov University<\/a> in Moscow.<\/p>\n<div id=\"states\">\n<h1 title=\"The United States\">The United States<\/h1>\n<\/div>\n<p>In the United States, we have also developed several scientific collaborations, allowing our department to participate in large international studies, in particular in the field of oncology and benign prostatic hyperplasia.<\/p>\n<div id=\"asie\">\n<h1 title=\"Asia\">Asia<\/h1>\n<\/div>\n<p>In Asia, our team is also very present: in 2005, a Franco-Chinese Department of Urology in <a title=\"Shangahi-East hospita\" href=\"https:\/\/www.shanghaieasthospital.com\/\" target=\"_blank\" rel=\"noopener\">Shanghai-East hospital<\/a>, was created under the supervision of <a title=\"Professor Bernard DEBR\u00c9\" href=\"https:\/\/www.leparisien.fr\/politique\/bernard-debre-entre-l-hopital-cochin-et-la-chine-17-10-2007-3291320634.php\" target=\"_blank\" rel=\"noopener\">Professor Bernard DEBR\u00c9<\/a>, our previous head of department. We regularly ensure humanitarian missions in several Chinese provinces, and have established a medical learning progamme at <a title=\"University of Tongji\" href=\"http:\/\/ensai.fr\/partenaire\/tongji-university\/\" target=\"_blank\" rel=\"noopener\">the university of Tongji<\/a> in Shanghai. This healthcare, teaching, and research collaboration extends to other universities, such as <a title=\"University of Pekin\" href=\"http:\/\/english.pku.edu.cn\/\" target=\"_blank\" rel=\"noopener\">Pekin<\/a> and <a title=\"University of Nanchang\" href=\"http:\/\/english.ncu.edu.cn\/\" target=\"_blank\" rel=\"noopener\">Nanchang<\/a>. We have also established a partnership with <a title=\"University of Hong-Kong\" href=\"https:\/\/www.hku.hk\/\" target=\"_blank\" rel=\"noopener\">the medical university in Hong-Kong<\/a>, in the form of academic exchanges during Asian conferences.<\/p>\n<div id=\"afrique\">\n<h1 title=\"Africa\">Africa<\/h1>\n<\/div>\n<p>In Africa, we lead different healthcare and educational missions, in particular in the field of oncology and minimally-invasive surgical techniques. This is the case with <a title=\"Avicenne Hospital in Marrakesh\" href=\"https:\/\/www.urofrance.org\/hopital-militaire-avicenne\" target=\"_blank\" rel=\"noopener\">Avicenne Hospital in Marrakesh<\/a> (Morocco), <a title=\"Faculty of medicine in Alger\" href=\"http:\/\/facmed.univ-alger.dz\/\" target=\"_blank\" rel=\"noopener\">the faculty of medicine in Alger<\/a> (Algeria), <a title=\"Abidjan university hospital \" href=\"https:\/\/www.facebook.com\/chudecocody\/\" target=\"_blank\" rel=\"noopener\">the Abidjan university hospital<\/a> (Ivory Coast) and <a title=\"Lom\u00e9 University Hospital\" href=\"https:\/\/telemedchucampus.tg\/\" target=\"_blank\" rel=\"noopener\">the Lom\u00e9 University Hospital<\/a> (Togo).<\/p>\n<div id=\"collaboration\">These different connections made around the world enable us to enrich our research activities, to remain at the forefront of medical knowledge and new technologies, and to contribute to the improvement of practices in certain less-advanced countries.<\/div>","protected":false},"excerpt":{"rendered":"<p>Le service d&rsquo;urologie de l&rsquo;h\u00f4pital Cochin a d\u00e9velopp\u00e9 de nombreuses coop\u00e9rations internationales, dans le domaine des soins, de la recherche et de l&rsquo;enseignement. Nous avons \u00e9tabli des collaborations sur tous les continents : En Europe En Europe, il s&rsquo;agit surtout de collaborations scientifiques et acad\u00e9miques, par le biais de l&rsquo;association europ\u00e9enne d&rsquo;urologie. Nous participons \u00e0 de nombreux protocoles de recherche clinique multicentriques, en lien avec des services d&rsquo;urologie allemands, anglais, autrichiens, italiens et espagnols. Nous accueillons r\u00e9guli\u00e8rement des \u00e9tudiants et internes venus de ces divers pays, dans le cadre de programmes de formation. Nous participons \u00e9galement \u00e0 un programme d&rsquo;enseignement de la c\u0153lioscopie \u00e0 l&rsquo;universit\u00e9 Sechenov de Moscou. Aux \u00c9tats-Unis Aux \u00c9tats-Unis, nous avons aussi d\u00e9velopp\u00e9 plusieurs coop\u00e9rations scientifiques, permettant \u00e0 notre service de participer \u00e0 de larges \u00e9tudes internationales notamment dans le domaine de la canc\u00e9rologie et de l&rsquo;hypertrophie b\u00e9nigne de la prostate. En Asie En Asie, notre \u00e9quipe est \u00e9galement tr\u00e8s pr\u00e9sente puisqu&rsquo;elle a install\u00e9 en 2005 un service d&rsquo;urologie franco-chinois \u00e0 l&rsquo;h\u00f4pital de Shanghai-Est, sous l&rsquo;\u00e9gide du Professeur Bernard DEBR\u00c9, notre ancien chef de service. Nous assurons r\u00e9guli\u00e8rement des missions humanitaires dans plusieurs provinces chinoises, et avons instaur\u00e9 un programme d&rsquo;enseignement m\u00e9dical \u00e0 l&rsquo;universit\u00e9 de Tongji de Shanghai. Cette coop\u00e9ration de soins, d&rsquo;enseignement et de recherche s&rsquo;est \u00e9tendue \u00e0 d&rsquo;autres facult\u00e9s, comme celles de P\u00e9kin et de Nanchang. Nous avons \u00e9galement instaur\u00e9 un partenariat avec l&rsquo;universit\u00e9 m\u00e9dicale de Hong-Kong, sous forme d&rsquo;\u00e9changes acad\u00e9miques lors de congr\u00e8s asiatiques. En Afrique En Afrique, nous menons diff\u00e9rentes missions de soins et d&rsquo;enseignement, en particulier dans le domaine de la canc\u00e9rologie et des techniques chirurgicales mini-invasives. C&rsquo;est le cas avec l&rsquo;h\u00f4pital Avicenne de Marrakech (Maroc), l&rsquo;universit\u00e9 m\u00e9dicale d&rsquo;Alger (Alg\u00e9rie), le CHU d&rsquo;Abidjan (C\u00f4te d&rsquo;Ivoire) et le CHU de Lom\u00e9 (Togo). Ces diff\u00e9rents liens tiss\u00e9s \u00e0 travers le monde nous permettent d&rsquo;enrichir nos activit\u00e9s de recherche, de rester \u00e0 la pointe de la connaissance m\u00e9dicale et des nouvelles technologies, et de contribuer \u00e0 am\u00e9liorer les pratiques de certains pays moins avanc\u00e9s.<\/p>","protected":false},"author":1,"featured_media":0,"parent":0,"menu_order":0,"comment_status":"closed","ping_status":"closed","template":"","meta":{"inline_featured_image":false,"footnotes":""},"class_list":["post-164","page","type-page","status-publish","hentry"],"acf":[],"_links":{"self":[{"href":"https:\/\/urologie-paris-cochin.com\/en\/wp-json\/wp\/v2\/pages\/164","targetHints":{"allow":["GET"]}}],"collection":[{"href":"https:\/\/urologie-paris-cochin.com\/en\/wp-json\/wp\/v2\/pages"}],"about":[{"href":"https:\/\/urologie-paris-cochin.com\/en\/wp-json\/wp\/v2\/types\/page"}],"author":[{"embeddable":true,"href":"https:\/\/urologie-paris-cochin.com\/en\/wp-json\/wp\/v2\/users\/1"}],"replies":[{"embeddable":true,"href":"https:\/\/urologie-paris-cochin.com\/en\/wp-json\/wp\/v2\/comments?post=164"}],"version-history":[{"count":0,"href":"https:\/\/urologie-paris-cochin.com\/en\/wp-json\/wp\/v2\/pages\/164\/revisions"}],"wp:attachment":[{"href":"https:\/\/urologie-paris-cochin.com\/en\/wp-json\/wp\/v2\/media?parent=164"}],"curies":[{"name":"wp","href":"https:\/\/api.w.org\/{rel}","templated":true}]}}