{"id":15,"date":"2021-02-25T19:30:44","date_gmt":"2021-02-25T18:30:44","guid":{"rendered":"https:\/\/urologie-paris-cochin.com\/?page_id=15"},"modified":"2022-11-03T17:21:35","modified_gmt":"2022-11-03T16:21:35","slug":"cookies","status":"publish","type":"page","link":"https:\/\/urologie-paris-cochin.com\/en\/cookies\/","title":{"rendered":"Cookies"},"content":{"rendered":"<p>Cette page pr\u00e9sente le concept de cookie informatique, la liste des cookies utilis\u00e9s sur le site ainsi que leur finalit\u00e9 conform\u00e9ment \u00e0 la l\u00e9gislation en vigueur.<\/p>\n<ul>\n<li>En relation : voir les pages \u00ab <a href=\"https:\/\/urologie-paris-cochin.com\/en\/mentions-legales\/\">Legal notices<\/a> \u00bb et \u00ab <a href=\"https:\/\/urologie-paris-cochin.com\/en\/rgdp\/\">General Data Protection Regulation (GDPR)<\/a> \u00bb.<\/li>\n<\/ul>\n<p><span style=\"text-decoration: underline;\"><strong><span id=\"Consentement_de_lrsquoutilisateur\">Consentement de l\u2019utilisateur<\/span><\/strong><\/span><\/p>\n<p><span id=\"Consentement_de_lrsquoutilisateur\">Le consentement de l\u2019utilisateur pour les cookies s\u2019applique pour les domaines suivants :<\/span><\/p>\n<ul>\n<li>www.urologie-paris-cochin.com<\/li>\n<\/ul>\n<p><span style=\"text-decoration: underline;\"><strong>G\u00e9n\u00e9ralit\u00e9s<\/strong><\/span><\/p>\n<p><span style=\"text-decoration: underline;\"><strong><span id=\"Definition\">D\u00e9finition<\/span><\/strong><\/span><\/p>\n<p><span id=\"Definition\">Qu\u2019est-ce qu\u2019un cookie informatique ? <\/span>Un cookie informatique est un bloc d\u2019information stock\u00e9 lors de la navigation d\u2019un utilisateur sur un site web.<\/p>\n<p><span style=\"text-decoration: underline;\"><strong><span id=\"Fonctionnement\">Fonctionnement<\/span><\/strong><\/span><\/p>\n<p><span id=\"Fonctionnement\">Le bloc d\u2019information est envoy\u00e9 par un serveur web lors de la visite d\u2019un utilisateur sur un site web, stock\u00e9 localement de mani\u00e8re persistante par le navigateur web sous forme de fichier texte, et renvoy\u00e9 au serveur \u00e0 chaque visite.<\/span><\/p>\n<p><span style=\"text-decoration: underline;\">Nature :<\/span> un cookie est un petit bloc d\u2019information stock\u00e9e lors de la navigation d\u2019un utilisateur sur un site web.<br \/>\n<span style=\"text-decoration: underline;\">Envoi :<\/span> le cookie est cr\u00e9\u00e9 par le serveur web, et envoy\u00e9 en m\u00eame temps que la page demand\u00e9e.<br \/>\n<span style=\"text-decoration: underline;\">Renvoi :<\/span> le cookie est renvoy\u00e9 \u00e0 chaque navigation (demande de consultation de page) au serveur en m\u00eame temps que la demande de consultation de page.<br \/>\n<span style=\"text-decoration: underline;\">Contenu :<\/span> le contenu est d\u00e9fini de mani\u00e8re libre par le site web consult\u00e9. Il contient par exemple un identifiant, une date, etc.<br \/>\n<span style=\"text-decoration: underline;\">Taille :<\/span> la taille du contenu est volontairement court, ne d\u00e9passant pas 4096 caract\u00e8res, pour limiter l\u2019impact sur la performance (bande passante).<br \/>\n<span style=\"text-decoration: underline;\">Persistance :<\/span> le cookie a une dur\u00e9e de vie variable, choisie par le site web selon les besoins, allant de la dur\u00e9e de la navigation (cookies de session) \u00e0 plusieurs mois (cookies statistiques).<br \/>\n<span style=\"text-decoration: underline;\">Nombre :<\/span> un site web peut stocker plusieurs cookies<br \/>\n<span style=\"text-decoration: underline;\">Stockage :<\/span> le cookie est stock\u00e9 localement dans un fichier texte, directement par le navigateur web sans interaction de la part de l\u2019utilisateur<br \/>\n<span style=\"text-decoration: underline;\">Exploitation :<\/span> le cookie \u00e9tant re\u00e7u par le serveur, celui-ci peut exploiter les donn\u00e9es contenues \u00e0 chaque navigation.<\/p>\n<ul>\n<li>En savoir plus : <a class=\"ext-link wpel-icon-right\" href=\"https:\/\/fr.wikipedia.org\/wiki\/Cookie_(informatique)\" target=\"_blank\" rel=\"external noopener noreferrer\" data-wpel-link=\"external\">Article Cookie \/ Wikipedia<\/a><\/li>\n<\/ul>\n<p><strong><span style=\"text-decoration: underline;\"><span id=\"Usage\">Usage<\/span><\/span><\/strong><\/p>\n<p><span id=\"Usage\">Les cookies permettent de conserver des donn\u00e9es localement entre chaque consultation d\u2019un site. Le contenu stock\u00e9 repr\u00e9sente par exemple un identifiant utilisateur, des param\u00e8tres, ou des identifiants de session (cookie de session), le tout pouvant \u00eatre chiffr\u00e9.<\/span><\/p>\n<p>Ces informations sont renvoy\u00e9es au serveur web, qui est alors en mesure d\u2019exploiter ces donn\u00e9es dans le contexte de la navigation de l\u2019utilisateur, de les consolider, et de les conserver en base de donn\u00e9es c\u00f4t\u00e9 serveur.<\/p>\n<p>L\u2019utilisation finale permet la conservation d\u2019une session d\u2019authentification utilisateur, ou bien l\u2019enregistrement du comportement des utilisateurs (statistiques de fr\u00e9quentation, ou r\u00e9-utilisation pour marketing publicitaire, re-marketing, &#8230;).<\/p>\n<p><span style=\"text-decoration: underline;\"><strong><span id=\"Classification_par_objectif\">Classification par objectif<\/span><\/strong><\/span><\/p>\n<ul>\n<li>Cookies de fonctionnement : permettent aux services du site de fonctionner : connexion, authentification, paiement en ligne, personnalisation, s\u00e9curit\u00e9&#8230;<\/li>\n<li>Cookies d\u2019analyse : permettent d\u2019analyser le comportement: collecte, statistiques, publicit\u00e9&#8230;<\/li>\n<\/ul>\n<p><strong><span style=\"text-decoration: underline;\"><span id=\"Classification_par_origine\">Classification par origine<\/span><\/span><\/strong><\/p>\n<ul>\n<li>Cookies natifs : les cookies g\u00e9r\u00e9s par le site consult\u00e9.<\/li>\n<li>Cookies tiers : les cookies g\u00e9r\u00e9s par des services externes invoqu\u00e9s par le site consult\u00e9.<\/li>\n<\/ul>\n<p><span style=\"text-decoration: underline;\"><strong>R\u00e9glementation<\/strong><\/span><\/p>\n<p>L\u2019utilisation des cookies sur les sites web est soumise \u00e0 obligation l\u00e9gale \u00e9manant de diff\u00e9rentes sources l\u00e9gislatives.<sup id=\"fnref2:8817-1\"><\/sup><sup id=\"fnref2:8817-2\"><\/sup><sup id=\"fnref2:8817-3\"><\/sup><\/p>\n<p><span style=\"text-decoration: underline;\"><strong><span id=\"Utilisation_des_cookies_sur_le_site\">Utilisation des cookies sur le site<\/span><\/strong><\/span><\/p>\n<p><span id=\"Utilisation_des_cookies_sur_le_site\">Cette section d\u00e9crit la fa\u00e7on dont les cookies sont utilis\u00e9s sur ce site.<\/span><\/p>\n<p><span style=\"text-decoration: underline;\"><strong><span id=\"Utilisation_des_cookies_sur_le_site\"><span id=\"Objet_des_cookies_utilises\">Objet des cookies utilis\u00e9s<\/span><\/span><\/strong><\/span><\/p>\n<ul>\n<li>Informations personnelles : les cookies natifs utilis\u00e9s sur le site ne collectent pas d\u2019informations personnelles.<\/li>\n<li>Cookies de statistiques : les cookies de statistiques <a href=\"https:\/\/fr.matomo.org\/\" target=\"_blank\" rel=\"noopener\">Matomo<\/a> collectent les informations de navigation des utilisateurs (IP, pages consult\u00e9es), \u00e0 destination exclusive des administrateurs du site, et \u00e0 des fins d\u2019analyse de navigation uniquement.<\/li>\n<li>Cookies tiers : le site ne fait appel \u00e0 aucun cookie tiers.<\/li>\n<li>Transmission \u00e0 des tiers : le site ne transmet aucune information \u00e0 des tiers.<\/li>\n<\/ul>\n<p><span style=\"text-decoration: underline;\"><strong><span id=\"Liste_des_cookies_utilises\">Liste des cookies utilis\u00e9s<\/span><\/strong><\/span><\/p>\n<ul>\n<li>Cookies de sessions : cookies d&rsquo;authentification uniquement pour les administrateurs du site (non utilis\u00e9s en consultation publique).<\/li>\n<li>Cookie Matomo : cookies tiers Matomo statistiques priv\u00e9es pour les donn\u00e9es courantes de visites du site.<\/li>\n<li>Les 2 cookies utilis\u00e9s ont une dur\u00e9e de conservation de 12 mois.<br \/>\n<span id=\"Liste_des_cookies_utilises\"><\/span><\/li>\n<\/ul>\n<p><span style=\"text-decoration: underline;\"><strong><span id=\"Liste_des_cookies_utilises\"><span id=\"Controle_par_lrsquoutilisateur\">Contr\u00f4le par l\u2019utilisateur<\/span><\/span><\/strong><\/span><\/p>\n<p><span id=\"Liste_des_cookies_utilises\"><span id=\"Controle_par_lrsquoutilisateur\">Cette section d\u00e9crit la fa\u00e7on dont l\u2019utilisateur peut contr\u00f4ler les cookies sur ce site.<\/span><\/span><\/p>\n<p><span style=\"text-decoration: underline;\"><strong><span id=\"Liste_des_cookies_utilises\"><span id=\"Controle_par_lrsquoutilisateur\"><span id=\"Gestion_de_lrsquoautorisation_par_le_navigateur_web\">Gestion de l\u2019autorisation par le navigateur web<\/span><\/span><\/span><\/strong><\/span><\/p>\n<ul>\n<li>Lors d\u2019une navigation sur un site web, le navigateur web utilis\u00e9 autorise par d\u00e9faut l\u2019ensemble des cookies utilis\u00e9s par le site consult\u00e9.<\/li>\n<li>Le param\u00e9trage du navigateur permet \u00e0 l\u2019utilisateur de contr\u00f4ler les cookies, et notamment de les d\u00e9sactiver individuellement. La m\u00e9thode variant selon le navigateur web, se r\u00e9f\u00e9rer \u00e0 la documentation du navigateur utilis\u00e9 pour son utilisation.<\/li>\n<li>\u00c9galement, le mode \u00ab navigation priv\u00e9e \u00bb propos\u00e9 par l\u2019ensemble des navigateurs web permet de ne pas conserver les cookies entre chaque navigation.<\/li>\n<\/ul>","protected":false},"excerpt":{"rendered":"<p>Cette page pr\u00e9sente le concept de cookie informatique, la liste des cookies utilis\u00e9s sur le site ainsi que leur finalit\u00e9 conform\u00e9ment \u00e0 la l\u00e9gislation en vigueur. En relation : voir les pages \u00ab Mentions l\u00e9gales \u00bb et \u00ab R\u00e8glement G\u00e9n\u00e9ral sur la Protection des Donn\u00e9es (RGDP) \u00bb. Consentement de l\u2019utilisateur Le consentement de l\u2019utilisateur pour les cookies s\u2019applique pour les domaines suivants : www.urologie-paris-cochin.com G\u00e9n\u00e9ralit\u00e9s D\u00e9finition Qu\u2019est-ce qu\u2019un cookie informatique ? Un cookie informatique est un bloc d\u2019information stock\u00e9 lors de la navigation d\u2019un utilisateur sur un site web. Fonctionnement Le bloc d\u2019information est envoy\u00e9 par un serveur web lors de la visite d\u2019un utilisateur sur un site web, stock\u00e9 localement de mani\u00e8re persistante par le navigateur web sous forme de fichier texte, et renvoy\u00e9 au serveur \u00e0 chaque visite. Nature : un cookie est un petit bloc d\u2019information stock\u00e9e lors de la navigation d\u2019un utilisateur sur un site web. Envoi : le cookie est cr\u00e9\u00e9 par le serveur web, et envoy\u00e9 en m\u00eame temps que la page demand\u00e9e. Renvoi : le cookie est renvoy\u00e9 \u00e0 chaque navigation (demande de consultation de page) au serveur en m\u00eame temps que la demande de consultation de page. Contenu : le contenu est d\u00e9fini de mani\u00e8re libre par le site web consult\u00e9. Il contient par exemple un identifiant, une date, etc. Taille : la taille du contenu est volontairement court, ne d\u00e9passant pas 4096 caract\u00e8res, pour limiter l\u2019impact sur la performance (bande passante). Persistance : le cookie a une dur\u00e9e de vie variable, choisie par le site web selon les besoins, allant de la dur\u00e9e de la navigation (cookies de session) \u00e0 plusieurs mois (cookies statistiques). Nombre : un site web peut stocker plusieurs cookies Stockage : le cookie est stock\u00e9 localement dans un fichier texte, directement par le navigateur web sans interaction de la part de l\u2019utilisateur Exploitation : le cookie \u00e9tant re\u00e7u par le serveur, celui-ci peut exploiter les donn\u00e9es contenues \u00e0 chaque navigation. En savoir plus : Article Cookie \/ Wikipedia Usage Les cookies permettent de conserver des donn\u00e9es localement entre chaque consultation d\u2019un site. Le contenu stock\u00e9 repr\u00e9sente par exemple un identifiant utilisateur, des param\u00e8tres, ou des identifiants de session (cookie de session), le tout pouvant \u00eatre chiffr\u00e9. Ces informations sont renvoy\u00e9es au serveur web, qui est alors en mesure d\u2019exploiter ces donn\u00e9es dans le contexte de la navigation de l\u2019utilisateur, de les consolider, et de les conserver en base de donn\u00e9es c\u00f4t\u00e9 serveur. L\u2019utilisation finale permet la conservation d\u2019une session d\u2019authentification utilisateur, ou bien l\u2019enregistrement du comportement des utilisateurs (statistiques de fr\u00e9quentation, ou r\u00e9-utilisation pour marketing publicitaire, re-marketing, &#8230;). Classification par objectif Cookies de fonctionnement : permettent aux services du site de fonctionner : connexion, authentification, paiement en ligne, personnalisation, s\u00e9curit\u00e9&#8230; Cookies d\u2019analyse : permettent d\u2019analyser le comportement: collecte, statistiques, publicit\u00e9&#8230; Classification par origine Cookies natifs : les cookies g\u00e9r\u00e9s par le site consult\u00e9. Cookies tiers : les cookies g\u00e9r\u00e9s par des services externes invoqu\u00e9s par le site consult\u00e9. R\u00e9glementation L\u2019utilisation des cookies sur les sites web est soumise \u00e0 obligation l\u00e9gale \u00e9manant de diff\u00e9rentes sources l\u00e9gislatives. Utilisation des cookies sur le site Cette section d\u00e9crit la fa\u00e7on dont les cookies sont utilis\u00e9s sur ce site. Objet des cookies utilis\u00e9s Informations personnelles : les cookies natifs utilis\u00e9s sur le site ne collectent pas d\u2019informations personnelles. Cookies de statistiques : les cookies de statistiques Matomo collectent les informations de navigation des utilisateurs (IP, pages consult\u00e9es), \u00e0 destination exclusive des administrateurs du site, et \u00e0 des fins d\u2019analyse de navigation uniquement. Cookies tiers : le site ne fait appel \u00e0 aucun cookie tiers. Transmission \u00e0 des tiers : le site ne transmet aucune information \u00e0 des tiers. Liste des cookies utilis\u00e9s Cookies de sessions : cookies d&rsquo;authentification uniquement pour les administrateurs du site (non utilis\u00e9s en consultation publique). Cookie Matomo : cookies tiers Matomo statistiques priv\u00e9es pour les donn\u00e9es courantes de visites du site. Les 2 cookies utilis\u00e9s ont une dur\u00e9e de conservation de 12 mois. Contr\u00f4le par l\u2019utilisateur Cette section d\u00e9crit la fa\u00e7on dont l\u2019utilisateur peut contr\u00f4ler les cookies sur ce site. Gestion de l\u2019autorisation par le navigateur web Lors d\u2019une navigation sur un site web, le navigateur web utilis\u00e9 autorise par d\u00e9faut l\u2019ensemble des cookies utilis\u00e9s par le site consult\u00e9. Le param\u00e9trage du navigateur permet \u00e0 l\u2019utilisateur de contr\u00f4ler les cookies, et notamment de les d\u00e9sactiver individuellement. La m\u00e9thode variant selon le navigateur web, se r\u00e9f\u00e9rer \u00e0 la documentation du navigateur utilis\u00e9 pour son utilisation. \u00c9galement, le mode \u00ab navigation priv\u00e9e \u00bb propos\u00e9 par l\u2019ensemble des navigateurs web permet de ne pas conserver les cookies entre chaque navigation.<\/p>","protected":false},"author":1,"featured_media":0,"parent":0,"menu_order":0,"comment_status":"closed","ping_status":"closed","template":"","meta":{"inline_featured_image":false,"footnotes":""},"class_list":["post-15","page","type-page","status-publish","hentry"],"acf":[],"_links":{"self":[{"href":"https:\/\/urologie-paris-cochin.com\/en\/wp-json\/wp\/v2\/pages\/15","targetHints":{"allow":["GET"]}}],"collection":[{"href":"https:\/\/urologie-paris-cochin.com\/en\/wp-json\/wp\/v2\/pages"}],"about":[{"href":"https:\/\/urologie-paris-cochin.com\/en\/wp-json\/wp\/v2\/types\/page"}],"author":[{"embeddable":true,"href":"https:\/\/urologie-paris-cochin.com\/en\/wp-json\/wp\/v2\/users\/1"}],"replies":[{"embeddable":true,"href":"https:\/\/urologie-paris-cochin.com\/en\/wp-json\/wp\/v2\/comments?post=15"}],"version-history":[{"count":7,"href":"https:\/\/urologie-paris-cochin.com\/en\/wp-json\/wp\/v2\/pages\/15\/revisions"}],"predecessor-version":[{"id":521,"href":"https:\/\/urologie-paris-cochin.com\/en\/wp-json\/wp\/v2\/pages\/15\/revisions\/521"}],"wp:attachment":[{"href":"https:\/\/urologie-paris-cochin.com\/en\/wp-json\/wp\/v2\/media?parent=15"}],"curies":[{"name":"wp","href":"https:\/\/api.w.org\/{rel}","templated":true}]}}