{"id":13,"date":"2021-02-25T19:23:43","date_gmt":"2021-02-25T18:23:43","guid":{"rendered":"https:\/\/urologie-paris-cochin.com\/?page_id=13"},"modified":"2022-11-03T17:17:29","modified_gmt":"2022-11-03T16:17:29","slug":"mentions-legales","status":"publish","type":"page","link":"https:\/\/urologie-paris-cochin.com\/en\/mentions-legales\/","title":{"rendered":"Legal notices"},"content":{"rendered":"<p><strong><span style=\"text-decoration: underline;\">Identit\u00e9<\/span><\/strong><\/p>\n<p>Nom du site web : Urologie Paris Cochin<br \/>\nAdresse web : https:\/\/urologie-paris-cochin.com\/<br \/>\nPropri\u00e9taire : Pr Michael PEYROMAURE<br \/>\nResponsable de publication : Pr Michael PEYROMAURE &#8211; E-mail : michael.peyromaure@aphp.fr<br \/>\nDate de mise en ligne : 09\/04\/2021<\/p>\n<p><span style=\"text-decoration: underline;\"><strong>H\u00e9bergement<\/strong><\/span><\/p>\n<p>IONOS SARL<br \/>\n7 place de la Gare &#8211; BP 70109 &#8211; 57200 Sarreguemines Cedex<br \/>\nT\u00e9l. : 0970 808 911 &#8211; E-mail : info@ionos.fr<br \/>\nRCS Sarreguemines 431 303 775<\/p>\n<p><span style=\"text-decoration: underline;\"><strong>Conditions d\u2019utilisation<\/strong><\/span><\/p>\n<p>L\u2019utilisation du pr\u00e9sent site implique l\u2019acceptation pleine et enti\u00e8re des conditions g\u00e9n\u00e9rales d\u2019utilisation d\u00e9crites ci-apr\u00e8s. Ces conditions d\u2019utilisation sont susceptibles d\u2019\u00eatre modifi\u00e9es ou compl\u00e9t\u00e9es \u00e0 tout moment.<\/p>\n<p><span style=\"text-decoration: underline;\"><strong>Informations<\/strong><\/span><\/p>\n<p>Les informations et documents du site sont pr\u00e9sent\u00e9s \u00e0 titre indicatif, sans caract\u00e8re exhaustif, et ne peuvent engager la responsabilit\u00e9 du propri\u00e9taire du site.<br \/>\nLe propri\u00e9taire du site ne peut \u00eatre tenu responsable des dommages directs et indirects cons\u00e9cutifs \u00e0 l\u2019acc\u00e8s au site.<\/p>\n<p><strong><span style=\"text-decoration: underline;\">Propri\u00e9t\u00e9 intellectuelle<\/span><\/strong><\/p>\n<p>Sauf mention contraire, tous les \u00e9l\u00e9ments accessibles sur le site (textes, documents, images, graphismes, logo, ic\u00f4nes, etc.) restent la propri\u00e9t\u00e9 exclusive de leurs auteurs, en ce qui concerne les droits de propri\u00e9t\u00e9 intellectuelle ou les droits d\u2019usage.<\/p>\n<p>Toute reproduction, repr\u00e9sentation, modification, publication, adaptation de tout ou partie des \u00e9l\u00e9ments du site, quel que soit le moyen ou le proc\u00e9d\u00e9 utilis\u00e9, est interdite, sauf autorisation \u00e9crite pr\u00e9alable de l\u2019auteur.<sup id=\"fnref-7013-2\"><\/sup><sup id=\"fnref-7013-3\"><\/sup><\/p>\n<p>Toute exploitation non autoris\u00e9e du site ou de l\u2019un quelconque des \u00e9l\u00e9ments qu\u2019il contient est consid\u00e9r\u00e9e comme constitutive d\u2019une contrefa\u00e7on et passible de poursuites.<\/p>\n<p>Les marques et logos reproduits sur le site sont d\u00e9pos\u00e9s par les entit\u00e9s qui en sont propri\u00e9taires.<\/p>\n<p><span style=\"text-decoration: underline;\"><strong>Liens<\/strong><\/span><\/p>\n<p><span style=\"text-decoration: underline;\"><strong>Liens sortants<\/strong><\/span><\/p>\n<p>Le propri\u00e9taire du site d\u00e9cline toute responsabilit\u00e9 et n\u2019est pas engag\u00e9 par le r\u00e9f\u00e9rencement via des liens hypertextes, de ressources tierces pr\u00e9sentes sur le r\u00e9seau Internet, tant en ce qui concerne leur contenu que leur pertinence.<\/p>\n<p><span style=\"text-decoration: underline;\"><strong>Liens entrants<\/strong><\/span><br \/>\nLe propri\u00e9taire du site autorise les liens hypertextes vers l\u2019une des pages de ce site, \u00e0 condition que ceux-ci ouvrent une nouvelle fen\u00eatre et soient pr\u00e9sent\u00e9s de mani\u00e8re non \u00e9quivoque afin d\u2019\u00e9viter :<\/p>\n<ul>\n<li>Tout risque de confusion entre le site citant et le propri\u00e9taire du site.<\/li>\n<li>Ainsi que toute pr\u00e9sentation tendancieuse, ou contraire aux lois en vigueur.<\/li>\n<\/ul>\n<p>Le propri\u00e9taire du site se r\u00e9serve le droit de demander la suppression d\u2019un lien s\u2019il estime que le site source ne respecte pas les r\u00e8gles ainsi d\u00e9finies.<\/p>\n<p><span style=\"text-decoration: underline;\"><strong>Confidentialit\u00e9<\/strong><\/span><\/p>\n<ul>\n<li>Voir les pages \u00ab <a href=\"https:\/\/urologie-paris-cochin.com\/en\/cookies\/\">Cookies<\/a> \u00bb et \u00ab <a href=\"https:\/\/urologie-paris-cochin.com\/en\/rgpd\/\">General Data Protection Regulation (GDPR)<\/a> \u00bb.<\/li>\n<\/ul>\n<p><span style=\"text-decoration: underline;\"><strong>Cr\u00e9dits<\/strong><\/span><\/p>\n<p>Editorial content and texts: copyright \u00a9 urologie-paris-cochin.com (Professor Micha\u00ebl PEYROMAURE).<br \/>\nDevelopment and design: copyright \u00a9 divanessa@orange.fr.<br \/>\nTeam pictures: copyright \u00a9 Gilles GREDER.<br \/>\nTranslations: copyright \u00a9 Leigh Ann BENLIAN.<\/p>","protected":false},"excerpt":{"rendered":"<p>Identit\u00e9 Nom du site web : Urologie Paris Cochin Adresse web : https:\/\/urologie-paris-cochin.com\/ Propri\u00e9taire : Pr Michael PEYROMAURE Responsable de publication : Pr Michael PEYROMAURE &#8211; E-mail : michael.peyromaure@aphp.fr Date de mise en ligne : 09\/04\/2021 H\u00e9bergement IONOS SARL 7 place de la Gare &#8211; BP 70109 &#8211; 57200 Sarreguemines Cedex T\u00e9l. : 0970 808 911 &#8211; E-mail : info@ionos.fr RCS Sarreguemines 431 303 775 Conditions d\u2019utilisation L\u2019utilisation du pr\u00e9sent site implique l\u2019acceptation pleine et enti\u00e8re des conditions g\u00e9n\u00e9rales d\u2019utilisation d\u00e9crites ci-apr\u00e8s. Ces conditions d\u2019utilisation sont susceptibles d\u2019\u00eatre modifi\u00e9es ou compl\u00e9t\u00e9es \u00e0 tout moment. Informations Les informations et documents du site sont pr\u00e9sent\u00e9s \u00e0 titre indicatif, sans caract\u00e8re exhaustif, et ne peuvent engager la responsabilit\u00e9 du propri\u00e9taire du site. Le propri\u00e9taire du site ne peut \u00eatre tenu responsable des dommages directs et indirects cons\u00e9cutifs \u00e0 l\u2019acc\u00e8s au site. Propri\u00e9t\u00e9 intellectuelle Sauf mention contraire, tous les \u00e9l\u00e9ments accessibles sur le site (textes, documents, images, graphismes, logo, ic\u00f4nes, etc.) restent la propri\u00e9t\u00e9 exclusive de leurs auteurs, en ce qui concerne les droits de propri\u00e9t\u00e9 intellectuelle ou les droits d\u2019usage. Toute reproduction, repr\u00e9sentation, modification, publication, adaptation de tout ou partie des \u00e9l\u00e9ments du site, quel que soit le moyen ou le proc\u00e9d\u00e9 utilis\u00e9, est interdite, sauf autorisation \u00e9crite pr\u00e9alable de l\u2019auteur. Toute exploitation non autoris\u00e9e du site ou de l\u2019un quelconque des \u00e9l\u00e9ments qu\u2019il contient est consid\u00e9r\u00e9e comme constitutive d\u2019une contrefa\u00e7on et passible de poursuites. Les marques et logos reproduits sur le site sont d\u00e9pos\u00e9s par les entit\u00e9s qui en sont propri\u00e9taires. Liens Liens sortants Le propri\u00e9taire du site d\u00e9cline toute responsabilit\u00e9 et n\u2019est pas engag\u00e9 par le r\u00e9f\u00e9rencement via des liens hypertextes, de ressources tierces pr\u00e9sentes sur le r\u00e9seau Internet, tant en ce qui concerne leur contenu que leur pertinence. Liens entrants Le propri\u00e9taire du site autorise les liens hypertextes vers l\u2019une des pages de ce site, \u00e0 condition que ceux-ci ouvrent une nouvelle fen\u00eatre et soient pr\u00e9sent\u00e9s de mani\u00e8re non \u00e9quivoque afin d\u2019\u00e9viter : Tout risque de confusion entre le site citant et le propri\u00e9taire du site. Ainsi que toute pr\u00e9sentation tendancieuse, ou contraire aux lois en vigueur. Le propri\u00e9taire du site se r\u00e9serve le droit de demander la suppression d\u2019un lien s\u2019il estime que le site source ne respecte pas les r\u00e8gles ainsi d\u00e9finies. Confidentialit\u00e9 Voir les pages \u00ab Cookies \u00bb et \u00ab R\u00e8glement G\u00e9n\u00e9ral sur la Protection des Donn\u00e9es (RGDP) \u00bb. Cr\u00e9dits Contenu et textes \u00e9ditoriaux : copyright \u00a9 urologie-paris-cochin.com (Professeur Micha\u00ebl PEYROMAURE). D\u00e9veloppement et design : copyright \u00a9 divanessa@orange.fr. Photos \u00e9quipe : copyright \u00a9 Gilles GREDER. Traductions : copyright \u00a9 Leigh Ann BENLIAN.<\/p>","protected":false},"author":1,"featured_media":0,"parent":0,"menu_order":0,"comment_status":"closed","ping_status":"closed","template":"","meta":{"inline_featured_image":false,"footnotes":""},"class_list":["post-13","page","type-page","status-publish","hentry"],"acf":[],"_links":{"self":[{"href":"https:\/\/urologie-paris-cochin.com\/en\/wp-json\/wp\/v2\/pages\/13","targetHints":{"allow":["GET"]}}],"collection":[{"href":"https:\/\/urologie-paris-cochin.com\/en\/wp-json\/wp\/v2\/pages"}],"about":[{"href":"https:\/\/urologie-paris-cochin.com\/en\/wp-json\/wp\/v2\/types\/page"}],"author":[{"embeddable":true,"href":"https:\/\/urologie-paris-cochin.com\/en\/wp-json\/wp\/v2\/users\/1"}],"replies":[{"embeddable":true,"href":"https:\/\/urologie-paris-cochin.com\/en\/wp-json\/wp\/v2\/comments?post=13"}],"version-history":[{"count":9,"href":"https:\/\/urologie-paris-cochin.com\/en\/wp-json\/wp\/v2\/pages\/13\/revisions"}],"predecessor-version":[{"id":518,"href":"https:\/\/urologie-paris-cochin.com\/en\/wp-json\/wp\/v2\/pages\/13\/revisions\/518"}],"wp:attachment":[{"href":"https:\/\/urologie-paris-cochin.com\/en\/wp-json\/wp\/v2\/media?parent=13"}],"curies":[{"name":"wp","href":"https:\/\/api.w.org\/{rel}","templated":true}]}}