{"id":11,"date":"2021-02-25T19:17:49","date_gmt":"2021-02-25T18:17:49","guid":{"rendered":"https:\/\/urologie-paris-cochin.com\/?page_id=11"},"modified":"2022-11-03T17:17:45","modified_gmt":"2022-11-03T16:17:45","slug":"rgdp","status":"publish","type":"page","link":"https:\/\/urologie-paris-cochin.com\/en\/rgdp\/","title":{"rendered":"GDPR"},"content":{"rendered":"<p>Cette page pr\u00e9sente les informations essentielles relatives au R\u00e8glement G\u00e9n\u00e9ral sur la Protection des Donn\u00e9es (RGDP) du 27 avril 2016, afin d&rsquo;informer l&rsquo;utilisateur de mani\u00e8re transparente sur la fa\u00e7on dont sont collect\u00e9es les donn\u00e9es lors de la visite sur ce site web.<\/p>\n<p><span style=\"text-decoration: underline;\"><strong>Utilisation des donn\u00e9es personnelles collect\u00e9es<\/strong><\/span><\/p>\n<p>Ce site ne collecte pas de donn\u00e9es personnelles, \u00e0 l\u2019exception des interactions utilisateurs list\u00e9es ci-dessous :<\/p>\n<p><span style=\"text-decoration: underline;\"><strong>Formulaires de contact<\/strong><\/span><\/p>\n<ul>\n<li>Si vous contacter le service d&rsquo;urologie de l&rsquo;h\u00f4pital Cochin via le formulaire de contact, vous renseignez, vos noms, pr\u00e9noms, e-mail et t\u00e9l\u00e9phone afin que nous puissions vos recontacter ou r\u00e9pondre \u00e0 une demande pr\u00e9cise.<\/li>\n<li>Les informations envoy\u00e9es dans les formulaires de contact sont transform\u00e9es en e-mail et envoy\u00e9s sur l\u2019adresse e-mail \u00ab michael.peyromaure@aphp.fr \u00bb qui est celui du Pr Michael PEYROMAURE, chef de service.<\/li>\n<\/ul>\n<p><span style=\"text-decoration: underline;\"><strong>Cookies<\/strong><\/span><\/p>\n<ul>\n<li>Voir la page \u00ab <a href=\"https:\/\/urologie-paris-cochin.com\/en\/cookies\/\">Cookies<\/a> \u00bb.<\/li>\n<\/ul>\n<p><span style=\"text-decoration: underline;\"><strong>Contenu embarqu\u00e9 depuis d\u2019autres sites<\/strong><\/span><\/p>\n<p>Les articles de ce site peuvent inclure des contenus int\u00e9gr\u00e9s (par exemple des vid\u00e9os YouTube, images, articles\u2026). Le contenu int\u00e9gr\u00e9 depuis d\u2019autres sites se comporte de la m\u00eame mani\u00e8re que si le visiteur se rendait sur cet autre site.<\/p>\n<p>Ces sites web pourraient collecter des donn\u00e9es sur vous, utiliser des cookies, embarquer des outils de suivis tiers, suivre vos interactions avec ces contenus embarqu\u00e9s si vous disposez d\u2019un compte connect\u00e9 sur leur site web.<\/p>\n<p><span style=\"text-decoration: underline;\"><strong>Statistiques et mesures d\u2019audience<\/strong><\/span><\/p>\n<ul>\n<li>Les statistiques sont collect\u00e9es sur le serveur de statistiques priv\u00e9.<\/li>\n<li>Aucune information n\u2019est retransmise \u00e0 des tiers.<\/li>\n<\/ul>\n<p><span style=\"text-decoration: underline;\"><strong>Utilisation et transmission de vos donn\u00e9es personnelles<\/strong><\/span><\/p>\n<ul>\n<li>Sans objet.<\/li>\n<\/ul>\n<p><span style=\"text-decoration: underline;\"><strong>Dur\u00e9es de stockage de vos donn\u00e9es<\/strong><\/span><\/p>\n<ul>\n<li>Conservation sans limite de dur\u00e9e.<\/li>\n<\/ul>\n<p><span style=\"text-decoration: underline;\"><strong>Les droits que vous avez sur vos donn\u00e9es<\/strong><\/span><\/p>\n<p>Tout utilisateur concern\u00e9 par le traitement de ses donn\u00e9es personnelles peut se pr\u00e9valoir des droits suivants, en application du r\u00e8glement europ\u00e9en 2016\/679 et de la Loi Informatique et Libert\u00e9 (Loi 78-17 du 6 janvier 1978) :<\/p>\n<ul>\n<li>Droit d\u2019acc\u00e8s, de rectification et droit \u00e0 l\u2019effacement des donn\u00e9es (pos\u00e9s respectivement aux articles 15, 16 et 17 du RGPD).<\/li>\n<li>En savoir plus sur : <a href=\"https:\/\/www.cnil.fr\/\" target=\"_blank\" rel=\"noopener\">CNIL<\/a><\/li>\n<\/ul>\n<p>Pour toutes r\u00e9clamations concernant vos donn\u00e9es, merci d&rsquo;adresser votre demande \u00e9crite ou par e-mail en joignant un justificatif d&rsquo;identit\u00e9 \u00e0 :<\/p>\n<p>H\u00f4pital Cochin \u2013 Service d\u2019urologie<br \/>\n123 boulevard de Port-Royal<br \/>\n75014 Paris \u2013 France<br \/>\nE-mail : contact@urologie-paris-cochin.com<\/p>\n<p><span style=\"text-decoration: underline;\"><strong>Comment nous prot\u00e9geons vos donn\u00e9es<\/strong><\/span><\/p>\n<ul>\n<li>Le site est prot\u00e9g\u00e9 par les moyens habituels de s\u00e9curisation des sites web.<\/li>\n<\/ul>\n<p><span style=\"text-decoration: underline;\"><strong>Proc\u00e9dures mises en \u0153uvre en cas de fuite de donn\u00e9es<\/strong><\/span><\/p>\n<ul>\n<li>La proc\u00e9dure mise en \u0153uvre en cas de fuite de donn\u00e9es suit la proc\u00e9dure standard RGPD.<\/li>\n<\/ul>\n<p><span style=\"text-decoration: underline;\"><strong>Les services tiers qui nous transmettent des donn\u00e9es<\/strong><\/span><\/p>\n<ul>\n<li>Sans objet.<\/li>\n<\/ul>\n<p><span style=\"text-decoration: underline;\"><strong>Op\u00e9rations de marketing automatis\u00e9 et\/ou de profilage r\u00e9alis\u00e9es \u00e0 l\u2019aide des donn\u00e9es personnelles<\/strong><\/span><\/p>\n<ul>\n<li>Sans objet.<\/li>\n<\/ul>","protected":false},"excerpt":{"rendered":"<p>Cette page pr\u00e9sente les informations essentielles relatives au R\u00e8glement G\u00e9n\u00e9ral sur la Protection des Donn\u00e9es (RGDP) du 27 avril 2016, afin d&rsquo;informer l&rsquo;utilisateur de mani\u00e8re transparente sur la fa\u00e7on dont sont collect\u00e9es les donn\u00e9es lors de la visite sur ce site web. Utilisation des donn\u00e9es personnelles collect\u00e9es Ce site ne collecte pas de donn\u00e9es personnelles, \u00e0 l\u2019exception des interactions utilisateurs list\u00e9es ci-dessous : Formulaires de contact Si vous contacter le service d&rsquo;urologie de l&rsquo;h\u00f4pital Cochin via le formulaire de contact, vous renseignez, vos noms, pr\u00e9noms, e-mail et t\u00e9l\u00e9phone afin que nous puissions vos recontacter ou r\u00e9pondre \u00e0 une demande pr\u00e9cise. Les informations envoy\u00e9es dans les formulaires de contact sont transform\u00e9es en e-mail et envoy\u00e9s sur l\u2019adresse e-mail \u00ab michael.peyromaure@aphp.fr \u00bb qui est celui du Pr Michael PEYROMAURE, chef de service. Cookies Voir la page \u00ab Cookies \u00bb. Contenu embarqu\u00e9 depuis d\u2019autres sites Les articles de ce site peuvent inclure des contenus int\u00e9gr\u00e9s (par exemple des vid\u00e9os YouTube, images, articles\u2026). Le contenu int\u00e9gr\u00e9 depuis d\u2019autres sites se comporte de la m\u00eame mani\u00e8re que si le visiteur se rendait sur cet autre site. Ces sites web pourraient collecter des donn\u00e9es sur vous, utiliser des cookies, embarquer des outils de suivis tiers, suivre vos interactions avec ces contenus embarqu\u00e9s si vous disposez d\u2019un compte connect\u00e9 sur leur site web. Statistiques et mesures d\u2019audience Les statistiques sont collect\u00e9es sur le serveur de statistiques priv\u00e9. Aucune information n\u2019est retransmise \u00e0 des tiers. Utilisation et transmission de vos donn\u00e9es personnelles Sans objet. Dur\u00e9es de stockage de vos donn\u00e9es Conservation sans limite de dur\u00e9e. Les droits que vous avez sur vos donn\u00e9es Tout utilisateur concern\u00e9 par le traitement de ses donn\u00e9es personnelles peut se pr\u00e9valoir des droits suivants, en application du r\u00e8glement europ\u00e9en 2016\/679 et de la Loi Informatique et Libert\u00e9 (Loi 78-17 du 6 janvier 1978) : Droit d\u2019acc\u00e8s, de rectification et droit \u00e0 l\u2019effacement des donn\u00e9es (pos\u00e9s respectivement aux articles 15, 16 et 17 du RGPD). En savoir plus sur : CNIL Pour toutes r\u00e9clamations concernant vos donn\u00e9es, merci d&rsquo;adresser votre demande \u00e9crite ou par e-mail en joignant un justificatif d&rsquo;identit\u00e9 \u00e0 : H\u00f4pital Cochin \u2013 Service d\u2019urologie 123 boulevard de Port-Royal 75014 Paris \u2013 France E-mail : contact@urologie-paris-cochin.com Comment nous prot\u00e9geons vos donn\u00e9es Le site est prot\u00e9g\u00e9 par les moyens habituels de s\u00e9curisation des sites web. Proc\u00e9dures mises en \u0153uvre en cas de fuite de donn\u00e9es La proc\u00e9dure mise en \u0153uvre en cas de fuite de donn\u00e9es suit la proc\u00e9dure standard RGPD. Les services tiers qui nous transmettent des donn\u00e9es Sans objet. Op\u00e9rations de marketing automatis\u00e9 et\/ou de profilage r\u00e9alis\u00e9es \u00e0 l\u2019aide des donn\u00e9es personnelles Sans objet.<\/p>","protected":false},"author":1,"featured_media":0,"parent":0,"menu_order":0,"comment_status":"closed","ping_status":"closed","template":"","meta":{"inline_featured_image":false,"footnotes":""},"class_list":["post-11","page","type-page","status-publish","hentry"],"acf":[],"_links":{"self":[{"href":"https:\/\/urologie-paris-cochin.com\/en\/wp-json\/wp\/v2\/pages\/11","targetHints":{"allow":["GET"]}}],"collection":[{"href":"https:\/\/urologie-paris-cochin.com\/en\/wp-json\/wp\/v2\/pages"}],"about":[{"href":"https:\/\/urologie-paris-cochin.com\/en\/wp-json\/wp\/v2\/types\/page"}],"author":[{"embeddable":true,"href":"https:\/\/urologie-paris-cochin.com\/en\/wp-json\/wp\/v2\/users\/1"}],"replies":[{"embeddable":true,"href":"https:\/\/urologie-paris-cochin.com\/en\/wp-json\/wp\/v2\/comments?post=11"}],"version-history":[{"count":5,"href":"https:\/\/urologie-paris-cochin.com\/en\/wp-json\/wp\/v2\/pages\/11\/revisions"}],"predecessor-version":[{"id":519,"href":"https:\/\/urologie-paris-cochin.com\/en\/wp-json\/wp\/v2\/pages\/11\/revisions\/519"}],"wp:attachment":[{"href":"https:\/\/urologie-paris-cochin.com\/en\/wp-json\/wp\/v2\/media?parent=11"}],"curies":[{"name":"wp","href":"https:\/\/api.w.org\/{rel}","templated":true}]}}